{"id":13199,"date":"2025-05-21T09:25:15","date_gmt":"2025-05-21T09:25:15","guid":{"rendered":"https:\/\/imperial-line.com\/?page_id=13199"},"modified":"2025-06-16T07:09:47","modified_gmt":"2025-06-16T07:09:47","slug":"area-riservata","status":"publish","type":"page","link":"https:\/\/imperial-line.com\/fr\/area-riservata\/","title":{"rendered":"My Area"},"content":{"rendered":"<div class=\"brz-root__container brz-reset-all brz brz-root__container-page\">\n<section id=\"d06bc84e466c8a837b43_sQAgYecEvKiL\" class=\"brz-section brz-css-eeye94 brz-css-98e53z\">\n<div class=\"brz-section__content brz-section--fullWidth brz-css-1ghwtvl brz-css-1me5h1y\" data-brz-custom-id=\"xDQbEC2c7G8H\">\n<div class=\"brz-bg\">\n<div class=\"brz-bg-image\"><\/div>\n<div class=\"brz-bg-color\"><\/div>\n<\/div>\n<div class=\"brz-container brz-css-1b8sri3 brz-css-1e5mpb2\">\n<div class=\"brz-row__container brz-css-15h6dwm brz-css-k6kru2\" data-brz-custom-id=\"lyV1fRUuGJBY\">\n<div class=\"brz-row brz-css-1ditrge brz-css-fsxsj5 brz-css-jtre54\">\n<div class=\"brz-columns brz-css-rrfk0l brz-css-1anjcmk\" data-brz-custom-id=\"zmGbITbaXwdw\">\n<div class=\"brz-column__items brz-css-19n22mp brz-css-qcu585\">\n<div id=\"\" class=\"brz-css-1ce30ew brz-css-gcpv13 brz-wrapper\">\n<div class=\"brz-rich-text brz-rich-text__custom brz-css-1pqk1qo brz-css-1hcvr1i\" data-brz-custom-id=\"jf4cAGJUTtn8\">\n<div data-brz-translate-text=\"1\">\n<h2 class=\"brz-text-lg-right brz-tp-lg-heading2 brz-css-btW03\" data-generated-css=\"brz-css-ufx01\" data-uniq-id=\"aZeWH\"><span class=\"brz-cp-color8\" style=\"color: rgba(var(--brz-global-color8),1);\">My Area<\/span><\/h2>\n<\/div>\n<\/div>\n<\/div>\n<\/div>\n<\/div>\n<\/div>\n<\/div>\n<\/div>\n<\/div>\n<\/section>\n<section id=\"d4b3d16326b9e9647e06_qixDyfhhPepo\" class=\"brz-section brz-css-eeye94 brz-css-ztgi7w\">\n<div class=\"brz-section__content brz-section--boxed brz-css-1ghwtvl brz-css-1cvbrsk\" data-brz-custom-id=\"s2cODaEHgsCv\">\n<div class=\"brz-bg\">\n<div class=\"brz-bg-color\"><\/div>\n<\/div>\n<div class=\"brz-container brz-css-1b8sri3 brz-css-orj70w\">\n<div class=\"brz-row__container brz-css-15h6dwm brz-css-1hruu68\" data-brz-custom-id=\"g7Tkww1aF0iV\">\n<div class=\"brz-row brz-css-1ditrge brz-css-fsxsj5 brz-css-1qrteg1\">\n<div class=\"brz-columns brz-css-rrfk0l brz-css-1a98hw8\" data-brz-custom-id=\"vTGdfHdLwQJE\">\n<div class=\"brz-column__items brz-css-19n22mp brz-css-1qyy5r6\">\n<div id=\"\" class=\"brz-css-1ce30ew brz-css-1njxaae brz-wrapper\">\n<div class=\"brz-rich-text brz-rich-text__custom brz-css-1pqk1qo brz-css-13ktu66\" data-brz-custom-id=\"e1xiD1x7k3us\">\n<div data-brz-translate-text=\"1\">\n<h3 class=\"brz-tp-lg-heading3 brz-css-fxgWz\" data-generated-css=\"brz-css-dPwuO\" data-uniq-id=\"kKbMk\"><span class=\"brz-cp-color7\">\u00caTES-VOUS D\u00c9J\u00c0 MEMBRE ?<\/span><\/h3>\n<p class=\"brz-tp-lg-paragraph brz-css-mgQTD\" data-generated-css=\"brz-css-t8nGV\" data-uniq-id=\"u7fSX\"><\/p>\n<p class=\"brz-tp-lg-paragraph brz-css-zY1Sr\" data-generated-css=\"brz-css-bxFE4\" data-uniq-id=\"zZVDv\"><span class=\"brz-cp-color7\">Si vous avez d\u00e9j\u00e0 votre propre compte, connectez-vous pour acc\u00e9der \u00e0 l&rsquo;espace r\u00e9serv\u00e9.<\/span><\/p>\n<\/div>\n<\/div>\n<\/div>\n<div class=\"brz-wrapper-clone brz-flex-xs-wrap brz-css-1zjbbi brz-css-1oulkur\" data-brz-custom-id=\"sMSbABp4TWFa\"><a class=\"brz-a brz-btn brz-css-z1lh7y brz-css-uspl4y brz-css-1xbwuhh brz-css-kr4m90\" href=\"\/wp-login.php\" target=\"_self\" rel=\"noopener\" data-brz-link-type=\"external\" data-brz-custom-id=\"be_wekoV3OJ4\"><svg class=\"brz-icon-svg align-[initial] brz-css-71rbkj brz-css-1wyuiwe\"><use href=\"\/wp-content\/plugins\/brizy\/public\/editor-build\/prod\/editor\/icons\/glyph\/tail-right.svg#nc_icon\"><\/use><\/svg><span data-brz-translate-text=\"1\" class=\"brz-span brz-text__editor\">LOGIN<\/span><\/a><\/div>\n<div id=\"\" class=\"brz-css-1ce30ew brz-css-7488bn brz-wrapper\">\n<div class=\"brz-rich-text brz-rich-text__custom brz-css-1pqk1qo brz-css-1aadwpo\" data-brz-custom-id=\"hk7LWo9NyhQ7\">\n<div data-brz-translate-text=\"1\">\n<p class=\"brz-tp-lg-paragraph brz-css-wyOS_\" data-uniq-id=\"pB5Xi\" data-generated-css=\"brz-css-lYHK7\"><span class=\"brz-cp-color7\" style=\"color: rgb(124, 135, 133);\">Sinon, remplissez le formulaire de demande d&rsquo;acc\u00e8s.<\/span><\/p>\n<\/div>\n<\/div>\n<\/div>\n<\/div>\n<\/div>\n<div class=\"brz-columns brz-css-rrfk0l brz-css-ez95fr\" data-brz-custom-id=\"tN72fO9LWhgs\">\n<div class=\"brz-bg\">\n<div class=\"brz-bg-color\"><\/div>\n<\/div>\n<div class=\"brz-column__items brz-css-19n22mp brz-css-138b59l\">\n<div id=\"\" class=\"brz-css-1ce30ew brz-css-1b8ral9 brz-wrapper\">\n<div class=\"brz-wp-shortcode brz-css-1fiemfc brz-css-1kneb63\" data-brz-custom-id=\"z5373ZAjehFS\">\n<div><div class=\"wpforms-container wpforms-container-full wpforms-render-modern\" id=\"wpforms-13208\"><form id=\"wpforms-form-13208\" class=\"wpforms-validate wpforms-form wpforms-ajax-form\" data-formid=\"13208\" method=\"post\" enctype=\"multipart\/form-data\" action=\"\/fr\/wp-json\/wp\/v2\/pages\/13199\" data-token=\"41fed2247fbcbad024a4df5136ed32ba\" data-token-time=\"1776687513\"><noscript class=\"wpforms-error-noscript\">Veuillez activer JavaScript dans votre navigateur pour remplir ce formulaire.<\/noscript><div class=\"wpforms-hidden\" id=\"wpforms-error-noscript\">Veuillez activer JavaScript dans votre navigateur pour remplir ce formulaire.<\/div><div class=\"wpforms-field-container\"><div id=\"wpforms-13208-field_3-container\" class=\"wpforms-field wpforms-field-text\" data-field-id=\"3\"><label class=\"wpforms-field-label\" for=\"wpforms-13208-field_3\">Nom de l&#039;entreprise <span class=\"wpforms-required-label\" aria-hidden=\"true\">*<\/span><\/label><input type=\"text\" id=\"wpforms-13208-field_3\" class=\"wpforms-field-large wpforms-field-required\" name=\"wpforms[fields][3]\" placeholder=\"Nom de l&#039;entreprise\" aria-errormessage=\"wpforms-13208-field_3-error\" required><\/div><div id=\"wpforms-13208-field_1-container\" class=\"wpforms-field wpforms-field-name\" data-field-id=\"1\"><fieldset><legend class=\"wpforms-field-label\">Nom et pr\u00e9nom <span class=\"wpforms-required-label\" aria-hidden=\"true\">*<\/span><\/legend><div class=\"wpforms-field-row wpforms-field-large\"><div class=\"wpforms-field-row-block wpforms-first wpforms-one-half\"><input type=\"text\" id=\"wpforms-13208-field_1\" class=\"wpforms-field-name-first wpforms-field-required\" name=\"wpforms[fields][1][first]\" placeholder=\"Nom\" aria-errormessage=\"wpforms-13208-field_1-error\" required><label for=\"wpforms-13208-field_1\" class=\"wpforms-field-sublabel after\">Nom<\/label><\/div><div class=\"wpforms-field-row-block wpforms-one-half\"><input type=\"text\" id=\"wpforms-13208-field_1-last\" class=\"wpforms-field-name-last wpforms-field-required\" name=\"wpforms[fields][1][last]\" placeholder=\"Nom de famille\" aria-errormessage=\"wpforms-13208-field_1-last-error\" required><label for=\"wpforms-13208-field_1-last\" class=\"wpforms-field-sublabel after\">Nom de famille<\/label><\/div><\/div><\/fieldset><\/div><div id=\"wpforms-13208-field_2-container\" class=\"wpforms-field wpforms-field-email\" data-field-id=\"2\"><label class=\"wpforms-field-label\" for=\"wpforms-13208-field_2\">Courriel <span class=\"wpforms-required-label\" aria-hidden=\"true\">*<\/span><\/label><input type=\"email\" id=\"wpforms-13208-field_2\" class=\"wpforms-field-large wpforms-field-required\" name=\"wpforms[fields][2]\" placeholder=\"Courriel\" spellcheck=\"false\" aria-errormessage=\"wpforms-13208-field_2-error\" required><\/div><div id=\"wpforms-13208-field_6-container\" class=\"wpforms-field wpforms-field-select wpforms-field-select-style-classic\" data-field-id=\"6\"><label class=\"wpforms-field-label\" for=\"wpforms-13208-field_6\">Profession <span class=\"wpforms-required-label\" aria-hidden=\"true\">*<\/span><\/label><select id=\"wpforms-13208-field_6\" class=\"wpforms-field-large wpforms-field-required\" name=\"wpforms[fields][6]\" required=\"required\"><option value=\"\" class=\"placeholder\" disabled  selected='selected'>Profession<\/option><option value=\"Priv\u00e9\" >Priv\u00e9<\/option><option value=\"Architecte\" >Architecte<\/option><option value=\"Revendeur\" >Revendeur<\/option><\/select><\/div><div id=\"wpforms-13208-field_11-container\" class=\"wpforms-field wpforms-field-text\" data-field-id=\"11\"><label class=\"wpforms-field-label\" for=\"wpforms-13208-field_11\">Adresse <span class=\"wpforms-required-label\" aria-hidden=\"true\">*<\/span><\/label><input type=\"text\" id=\"wpforms-13208-field_11\" class=\"wpforms-field-medium wpforms-field-required\" name=\"wpforms[fields][11]\" placeholder=\"Rue, Place, .... N\u00b0 de maison\" aria-errormessage=\"wpforms-13208-field_11-error\" required><\/div><div id=\"wpforms-13208-field_12-container\" class=\"wpforms-field wpforms-field-text wpforms-one-half wpforms-first\" data-field-id=\"12\"><label class=\"wpforms-field-label\" for=\"wpforms-13208-field_12\">CODE POSTAL <span class=\"wpforms-required-label\" aria-hidden=\"true\">*<\/span><\/label><input type=\"text\" id=\"wpforms-13208-field_12\" class=\"wpforms-field-medium wpforms-field-required\" name=\"wpforms[fields][12]\" placeholder=\"CODE POSTAL\" aria-errormessage=\"wpforms-13208-field_12-error\" required><\/div><div id=\"wpforms-13208-field_13-container\" class=\"wpforms-field wpforms-field-text wpforms-one-half\" data-field-id=\"13\"><label class=\"wpforms-field-label\" for=\"wpforms-13208-field_13\">Villes <span class=\"wpforms-required-label\" aria-hidden=\"true\">*<\/span><\/label><input type=\"text\" id=\"wpforms-13208-field_13\" class=\"wpforms-field-medium wpforms-field-required\" name=\"wpforms[fields][13]\" placeholder=\"Villes\" aria-errormessage=\"wpforms-13208-field_13-error\" required><\/div><div id=\"wpforms-13208-field_14-container\" class=\"wpforms-field wpforms-field-text\" data-field-id=\"14\"><label class=\"wpforms-field-label\" for=\"wpforms-13208-field_14\">T\u00e9l\u00e9phone <span class=\"wpforms-required-label\" aria-hidden=\"true\">*<\/span><\/label><input type=\"text\" id=\"wpforms-13208-field_14\" class=\"wpforms-field-medium wpforms-field-required\" name=\"wpforms[fields][14]\" placeholder=\"T\u00e9l\u00e9phone\" aria-errormessage=\"wpforms-13208-field_14-error\" required><\/div><div id=\"wpforms-13208-field_15-container\" class=\"wpforms-field wpforms-field-text\" data-field-id=\"15\"><label class=\"wpforms-field-label\" for=\"wpforms-13208-field_15\">Site web <span class=\"wpforms-required-label\" aria-hidden=\"true\">*<\/span><\/label><input type=\"text\" id=\"wpforms-13208-field_15\" class=\"wpforms-field-medium wpforms-field-required\" name=\"wpforms[fields][15]\" placeholder=\"www.example.com\" aria-errormessage=\"wpforms-13208-field_15-error\" required><\/div><div id=\"wpforms-13208-field_7-container\" class=\"wpforms-field wpforms-field-textarea\" data-field-id=\"7\"><label class=\"wpforms-field-label\" for=\"wpforms-13208-field_7\">Motif de la demande <span class=\"wpforms-required-label\" aria-hidden=\"true\">*<\/span><\/label><textarea id=\"wpforms-13208-field_7\" class=\"wpforms-field-medium wpforms-field-required\" name=\"wpforms[fields][7]\" placeholder=\"Motif de la demande\" aria-errormessage=\"wpforms-13208-field_7-error\" required><\/textarea><\/div><div id=\"wpforms-13208-field_8-container\" class=\"wpforms-field wpforms-field-checkbox wpforms-one-half wpforms-first\" data-field-id=\"8\"><fieldset><legend class=\"wpforms-field-label\">Politique de confidentialit\u00e9 <span class=\"wpforms-required-label\" aria-hidden=\"true\">*<\/span><\/legend><ul id=\"wpforms-13208-field_8\" class=\"wpforms-field-required\"><li class=\"choice-1 depth-1\"><input type=\"checkbox\" id=\"wpforms-13208-field_8_1\" name=\"wpforms[fields][8][]\" value=\"J&#039;ai lu et j&#039;accepte le traitement de mes donn\u00e9es personnelles - lisez les informations.\" aria-errormessage=\"wpforms-13208-field_8_1-error\" required ><label class=\"wpforms-field-label-inline\" for=\"wpforms-13208-field_8_1\">J'ai lu et j'accepte le traitement de mes donn\u00e9es personnelles - lisez les informations.<\/label><\/li><\/ul><\/fieldset><\/div><div id=\"wpforms-13208-field_9-container\" class=\"wpforms-field wpforms-field-checkbox wpforms-one-half\" data-field-id=\"9\"><fieldset><legend class=\"wpforms-field-label\">Bulletin d&#039;information<\/legend><ul id=\"wpforms-13208-field_9\"><li class=\"choice-1 depth-1\"><input type=\"checkbox\" id=\"wpforms-13208-field_9_1\" name=\"wpforms[fields][9][]\" value=\"J&#039;accepte de recevoir des communications commerciales et\/ou des bulletins d&#039;information.\" aria-errormessage=\"wpforms-13208-field_9_1-error\"  ><label class=\"wpforms-field-label-inline\" for=\"wpforms-13208-field_9_1\">J'accepte de recevoir des communications commerciales et\/ou des bulletins d'information.<\/label><\/li><\/ul><\/fieldset><\/div><\/div><!-- .wpforms-field-container --><div class=\"wpforms-recaptcha-container wpforms-is-recaptcha wpforms-is-recaptcha-type-v3\" ><input type=\"hidden\" name=\"wpforms[recaptcha]\" value=\"\"><\/div><div class=\"wpforms-submit-container\" ><input type=\"hidden\" name=\"wpforms[id]\" value=\"13208\"><input type=\"hidden\" name=\"page_title\" value=\"\"><input type=\"hidden\" name=\"page_url\" value=\"https:\/\/imperial-line.com\/fr\/wp-json\/wp\/v2\/pages\/13199\"><input type=\"hidden\" name=\"url_referer\" value=\"\"><button type=\"submit\" name=\"wpforms[submit]\" id=\"wpforms-submit-13208\" class=\"wpforms-submit\" data-alt-text=\"l&#039;envoi...\" data-submit-text=\"Envoyer\" aria-live=\"assertive\" value=\"wpforms-submit\">Envoyer<\/button><img loading=\"lazy\" decoding=\"async\" src=\"https:\/\/imperial-line.com\/wp-content\/plugins\/wpforms-lite\/assets\/images\/submit-spin.svg\" class=\"wpforms-submit-spinner\" style=\"display: none;\" width=\"26\" height=\"26\" alt=\"Chargement en cours\"><\/div><\/form><\/div>  <!-- .wpforms-container --><\/div>\n<\/div>\n<\/div>\n<\/div>\n<\/div>\n<\/div>\n<\/div>\n<\/div>\n<\/div>\n<\/section>\n<section id=\"cf480a77ab037709552f_tIMyLE8fR3gS\" class=\"brz-section brz-css-eeye94 brz-css-4f0ls6\">\n<div class=\"brz-section__content brz-section--fullWidth brz-css-1ghwtvl brz-css-1wz621w\" data-brz-custom-id=\"giZmdmlXuGE1\">\n<div class=\"brz-container brz-css-1b8sri3 brz-css-nmk794\">\n<div id=\"\" class=\"brz-css-1ce30ew brz-css-4kbvcw brz-wrapper\">\n<div class=\"brz-wp-shortcode brz-css-1fiemfc brz-css-f94fcp\" data-brz-custom-id=\"zvQ9rwxVs2le\">\n<div>\n\t\t\t\t<div class='mapster-wp-maps-container'>\n\t\t\t\t<div class='mapster-wp-maps-loader-container' style='height: 700px;width: 100%;'>\n\t\t\t\t\t<div class='mapster-map-loader-initial' style='background-color: rgba(255, 255, 255, 0)'>\n\t\t\t\t\t\t<svg width='38' height='38' viewBox='0 0 38 38' xmlns='https:\/\/www.w3.org\/2000\/svg' stroke='#333'> <g fill='none' fill-rule='evenodd'> <g transform='translate(1 1)' stroke-width='2'> <circle stroke-opacity='.5' cx='18' cy='18' r='18'\/> <path d='M36 18c0-9.94-8.06-18-18-18'> <animateTransform attributeName='transform' type='rotate' from='0 18 18' to='360 18 18' dur='1s' repeatCount='indefinite'\/> <\/path> <\/g> <\/g> <\/svg>\n\t\t\t\t\t<\/div>\n\t\t\t\t<\/div>\n\t\t\t\t<div class='mapster-wp-maps'\n\t\t\t\t\tid='mapster-wp-maps-2420'\n\t\t\t\t\tdata-id='2420'\n\t\t\t\t\tdata-latitude='null'\n\t\t\t\t\tdata-longitude='null'\n\t\t\t\t\tdata-zoom='null'\n\t\t\t\t\tdata-single_feature_id=''\n\t\t\t\t\tdata-feature_ids=''>\n\t\t\t\t<\/div>\n\t\t\t\t\n\t\t\t<\/div>\n\t\t<\/div>\n<\/div>\n<\/div>\n<\/div>\n<\/div>\n<\/section>\n<\/div>\n<p>    <!-- version:1750057786 --><\/p>\n","protected":false},"excerpt":{"rendered":"<p>My Area \u00caTES-VOUS D\u00c9J\u00c0 MEMBRE ? Si vous avez d\u00e9j\u00e0 votre propre compte, connectez-vous pour acc\u00e9der \u00e0 l&rsquo;espace r\u00e9serv\u00e9. LOGIN Sinon, remplissez le formulaire de demande d&rsquo;acc\u00e8s.<\/p>\n","protected":false},"author":1,"featured_media":0,"parent":0,"menu_order":0,"comment_status":"closed","ping_status":"closed","template":"","meta":{"_acf_changed":false,"footnotes":""},"class_list":["post-13199","page","type-page","status-publish","hentry"],"blocksy_meta":[],"acf":[],"yoast_head":"<!-- This site is optimized with the Yoast SEO plugin v25.2 - https:\/\/yoast.com\/wordpress\/plugins\/seo\/ -->\n<title>My Area - Imperial Line<\/title>\n<meta name=\"robots\" content=\"index, follow, max-snippet:-1, max-image-preview:large, max-video-preview:-1\" \/>\n<link rel=\"canonical\" href=\"https:\/\/imperial-line.com\/fr\/area-riservata\/\" \/>\n<meta property=\"og:locale\" content=\"fr_FR\" \/>\n<meta property=\"og:type\" content=\"article\" \/>\n<meta property=\"og:title\" content=\"My Area - Imperial Line\" \/>\n<meta property=\"og:description\" content=\"My Area \u00caTES-VOUS D\u00c9J\u00c0 MEMBRE ? Si vous avez d\u00e9j\u00e0 votre propre compte, connectez-vous pour acc\u00e9der \u00e0 l&rsquo;espace r\u00e9serv\u00e9. LOGIN Sinon, remplissez le formulaire de demande d&rsquo;acc\u00e8s.\" \/>\n<meta property=\"og:url\" content=\"https:\/\/imperial-line.com\/fr\/area-riservata\/\" \/>\n<meta property=\"og:site_name\" content=\"Imperial Line\" \/>\n<meta property=\"article:modified_time\" content=\"2025-06-16T07:09:47+00:00\" \/>\n<meta name=\"twitter:card\" content=\"summary_large_image\" \/>\n<meta name=\"twitter:label1\" content=\"Dur\u00e9e de lecture estim\u00e9e\" \/>\n\t<meta name=\"twitter:data1\" content=\"1 minute\" \/>\n<script type=\"application\/ld+json\" class=\"yoast-schema-graph\">{\"@context\":\"https:\/\/schema.org\",\"@graph\":[{\"@type\":\"WebPage\",\"@id\":\"https:\/\/imperial-line.com\/fr\/area-riservata\/\",\"url\":\"https:\/\/imperial-line.com\/fr\/area-riservata\/\",\"name\":\"My Area - Imperial Line\",\"isPartOf\":{\"@id\":\"https:\/\/imperial-line.com\/fr\/#website\"},\"datePublished\":\"2025-05-21T09:25:15+00:00\",\"dateModified\":\"2025-06-16T07:09:47+00:00\",\"breadcrumb\":{\"@id\":\"https:\/\/imperial-line.com\/fr\/area-riservata\/#breadcrumb\"},\"inLanguage\":\"fr-FR\",\"potentialAction\":[{\"@type\":\"ReadAction\",\"target\":[\"https:\/\/imperial-line.com\/fr\/area-riservata\/\"]}]},{\"@type\":\"BreadcrumbList\",\"@id\":\"https:\/\/imperial-line.com\/fr\/area-riservata\/#breadcrumb\",\"itemListElement\":[{\"@type\":\"ListItem\",\"position\":1,\"name\":\"Home\",\"item\":\"https:\/\/imperial-line.com\/fr\/\"},{\"@type\":\"ListItem\",\"position\":2,\"name\":\"My Area\"}]},{\"@type\":\"WebSite\",\"@id\":\"https:\/\/imperial-line.com\/fr\/#website\",\"url\":\"https:\/\/imperial-line.com\/fr\/\",\"name\":\"Imperial Line\",\"description\":\"\",\"publisher\":{\"@id\":\"https:\/\/imperial-line.com\/fr\/#organization\"},\"potentialAction\":[{\"@type\":\"SearchAction\",\"target\":{\"@type\":\"EntryPoint\",\"urlTemplate\":\"https:\/\/imperial-line.com\/fr\/?s={search_term_string}\"},\"query-input\":{\"@type\":\"PropertyValueSpecification\",\"valueRequired\":true,\"valueName\":\"search_term_string\"}}],\"inLanguage\":\"fr-FR\"},{\"@type\":\"Organization\",\"@id\":\"https:\/\/imperial-line.com\/fr\/#organization\",\"name\":\"Imperial Line\",\"url\":\"https:\/\/imperial-line.com\/fr\/\",\"logo\":{\"@type\":\"ImageObject\",\"inLanguage\":\"fr-FR\",\"@id\":\"https:\/\/imperial-line.com\/fr\/#\/schema\/logo\/image\/\",\"url\":\"https:\/\/imperial-line.com\/wp-content\/uploads\/2024\/05\/logo-black.png\",\"contentUrl\":\"https:\/\/imperial-line.com\/wp-content\/uploads\/2024\/05\/logo-black.png\",\"width\":2000,\"height\":160,\"caption\":\"Imperial Line\"},\"image\":{\"@id\":\"https:\/\/imperial-line.com\/fr\/#\/schema\/logo\/image\/\"}}]}<\/script>\n<!-- \/ Yoast SEO plugin. -->","yoast_head_json":{"title":"My Area - Imperial Line","robots":{"index":"index","follow":"follow","max-snippet":"max-snippet:-1","max-image-preview":"max-image-preview:large","max-video-preview":"max-video-preview:-1"},"canonical":"https:\/\/imperial-line.com\/fr\/area-riservata\/","og_locale":"fr_FR","og_type":"article","og_title":"My Area - Imperial Line","og_description":"My Area \u00caTES-VOUS D\u00c9J\u00c0 MEMBRE ? Si vous avez d\u00e9j\u00e0 votre propre compte, connectez-vous pour acc\u00e9der \u00e0 l&rsquo;espace r\u00e9serv\u00e9. LOGIN Sinon, remplissez le formulaire de demande d&rsquo;acc\u00e8s.","og_url":"https:\/\/imperial-line.com\/fr\/area-riservata\/","og_site_name":"Imperial Line","article_modified_time":"2025-06-16T07:09:47+00:00","twitter_card":"summary_large_image","twitter_misc":{"Dur\u00e9e de lecture estim\u00e9e":"1 minute"},"schema":{"@context":"https:\/\/schema.org","@graph":[{"@type":"WebPage","@id":"https:\/\/imperial-line.com\/fr\/area-riservata\/","url":"https:\/\/imperial-line.com\/fr\/area-riservata\/","name":"My Area - Imperial Line","isPartOf":{"@id":"https:\/\/imperial-line.com\/fr\/#website"},"datePublished":"2025-05-21T09:25:15+00:00","dateModified":"2025-06-16T07:09:47+00:00","breadcrumb":{"@id":"https:\/\/imperial-line.com\/fr\/area-riservata\/#breadcrumb"},"inLanguage":"fr-FR","potentialAction":[{"@type":"ReadAction","target":["https:\/\/imperial-line.com\/fr\/area-riservata\/"]}]},{"@type":"BreadcrumbList","@id":"https:\/\/imperial-line.com\/fr\/area-riservata\/#breadcrumb","itemListElement":[{"@type":"ListItem","position":1,"name":"Home","item":"https:\/\/imperial-line.com\/fr\/"},{"@type":"ListItem","position":2,"name":"My Area"}]},{"@type":"WebSite","@id":"https:\/\/imperial-line.com\/fr\/#website","url":"https:\/\/imperial-line.com\/fr\/","name":"Imperial Line","description":"","publisher":{"@id":"https:\/\/imperial-line.com\/fr\/#organization"},"potentialAction":[{"@type":"SearchAction","target":{"@type":"EntryPoint","urlTemplate":"https:\/\/imperial-line.com\/fr\/?s={search_term_string}"},"query-input":{"@type":"PropertyValueSpecification","valueRequired":true,"valueName":"search_term_string"}}],"inLanguage":"fr-FR"},{"@type":"Organization","@id":"https:\/\/imperial-line.com\/fr\/#organization","name":"Imperial Line","url":"https:\/\/imperial-line.com\/fr\/","logo":{"@type":"ImageObject","inLanguage":"fr-FR","@id":"https:\/\/imperial-line.com\/fr\/#\/schema\/logo\/image\/","url":"https:\/\/imperial-line.com\/wp-content\/uploads\/2024\/05\/logo-black.png","contentUrl":"https:\/\/imperial-line.com\/wp-content\/uploads\/2024\/05\/logo-black.png","width":2000,"height":160,"caption":"Imperial Line"},"image":{"@id":"https:\/\/imperial-line.com\/fr\/#\/schema\/logo\/image\/"}}]}},"_links":{"self":[{"href":"https:\/\/imperial-line.com\/fr\/wp-json\/wp\/v2\/pages\/13199","targetHints":{"allow":["GET"]}}],"collection":[{"href":"https:\/\/imperial-line.com\/fr\/wp-json\/wp\/v2\/pages"}],"about":[{"href":"https:\/\/imperial-line.com\/fr\/wp-json\/wp\/v2\/types\/page"}],"author":[{"embeddable":true,"href":"https:\/\/imperial-line.com\/fr\/wp-json\/wp\/v2\/users\/1"}],"replies":[{"embeddable":true,"href":"https:\/\/imperial-line.com\/fr\/wp-json\/wp\/v2\/comments?post=13199"}],"version-history":[{"count":5,"href":"https:\/\/imperial-line.com\/fr\/wp-json\/wp\/v2\/pages\/13199\/revisions"}],"predecessor-version":[{"id":13468,"href":"https:\/\/imperial-line.com\/fr\/wp-json\/wp\/v2\/pages\/13199\/revisions\/13468"}],"wp:attachment":[{"href":"https:\/\/imperial-line.com\/fr\/wp-json\/wp\/v2\/media?parent=13199"}],"curies":[{"name":"wp","href":"https:\/\/api.w.org\/{rel}","templated":true}]}}