{"id":12312,"date":"2024-10-22T14:19:45","date_gmt":"2024-10-22T14:19:45","guid":{"rendered":"https:\/\/imperial-line.alfa.it\/mercato\/"},"modified":"2025-05-27T13:08:50","modified_gmt":"2025-05-27T13:08:50","slug":"marche","status":"publish","type":"page","link":"https:\/\/imperial-line.com\/fr\/marche\/","title":{"rendered":"March\u00e9"},"content":{"rendered":"<div class=\"brz-root__container brz-reset-all brz\">\n<section id=\"_sQAgYecEvKiL\" class=\"brz-section brz-css-y8nMH brz-css-scKve\">\n<div class=\"brz-section__content brz-section--fullWidth brz-css-wFdH_ brz-css-nsz7A\" data-brz-custom-id=\"xDQbEC2c7G8H\">\n<div class=\"brz-bg\">\n<div class=\"brz-bg-image\"><\/div>\n<div class=\"brz-bg-color\"><\/div>\n<\/div>\n<div class=\"brz-container brz-css-mklGw brz-css-bvZyn\">\n<div class=\"brz-row__container brz-css-urIPW\" data-brz-custom-id=\"lyV1fRUuGJBY\">\n<div class=\"brz-bg\"><\/div>\n<div class=\"brz-row brz-css-jhGXX brz-css-nA3tP\">\n<div class=\"brz-columns brz-css-gJBtw brz-css-w1R_A\" data-brz-custom-id=\"zmGbITbaXwdw\">\n<div class=\"brz-bg\">\n<div class=\"brz-bg-color\"><\/div>\n<\/div>\n<div class=\"brz-column__items brz-css-ifgWq brz-css-bi3wo\">\n<div id=\"\" class=\"brz-css-fLJ3y brz-css-uliAf brz-wrapper\">\n<div class=\"brz-rich-text brz-rich-text__custom brz-css-tldl4\" data-brz-custom-id=\"jf4cAGJUTtn8\">\n<div data-brz-translate-text=\"1\">\n<h2 class=\"brz-tp-lg-heading2 brz-text-lg-right brz-css-g7AZe\" data-uniq-id=\"krF3P\" data-generated-css=\"brz-css-dy0yg\"><span class=\"brz-cp-color8\">March\u00e9<\/span><\/h2>\n<\/div>\n<\/div>\n<\/div>\n<\/div>\n<\/div>\n<\/div>\n<\/div>\n<\/div>\n<\/div>\n<\/section>\n<section id=\"_n8c4JMxVaNMQ\" class=\"brz-section brz-css-y8nMH brz-css-xaTqU\">\n<div class=\"brz-section__content brz-section--fullWidth brz-css-wFdH_ brz-css-bARgy\" data-brz-custom-id=\"f_omCGn3qYPR\">\n<div class=\"brz-container brz-css-mklGw brz-css-lCBTn\">\n<div class=\"brz-row__container brz-css-urIPW\" data-brz-custom-id=\"yM95q3XTgHsV\">\n<div class=\"brz-bg\"><\/div>\n<div class=\"brz-row brz-css-jhGXX brz-css-nA3tP\">\n<div class=\"brz-columns brz-css-gJBtw brz-css-w4BGb\" data-brz-custom-id=\"ezcU4_21X7no\">\n<div class=\"brz-bg\"><\/div>\n<div class=\"brz-column__items brz-css-ifgWq brz-css-l8TYz\">\n<div id=\"\" class=\"brz-css-fLJ3y brz-wrapper\">\n<div class=\"brz-rich-text brz-rich-text__custom brz-css-tldl4\" data-brz-custom-id=\"lbweySbKB4aA\">\n<div data-brz-translate-text=\"1\">\n<h2 class=\"brz-tp-lg-heading2 brz-css-g3Eho\" data-uniq-id=\"vw7ZK\" data-generated-css=\"brz-css-uK97R\"><span class=\"brz-cp-color2\">R\u00e9alis\u00e9s en Italie, fin pr\u00eats pour le Monde<\/span><\/h2>\n<\/div>\n<\/div>\n<\/div>\n<div id=\"\" class=\"brz-css-fLJ3y brz-wrapper\">\n<div class=\"brz-rich-text brz-rich-text__custom brz-css-tldl4\" data-brz-custom-id=\"uqy2M9Sf4JvM\">\n<div data-brz-translate-text=\"1\">\n<p class=\"brz-tp-lg-paragraph brz-css-paZx5\" data-generated-css=\"brz-css-vNda7\" data-uniq-id=\"rERYd\"><span class=\"brz-cp-color7\">Les objets sign\u00e9s Imperial Line sont con\u00e7us et r\u00e9alis\u00e9s selon des valeurs que nous voulons croire universelles, intemporelles, mais aussi sans fronti\u00e8res. Et nous les cr\u00e9ons pour r\u00e9pondre aux exigences et aux besoins de tous, quotidiens et mondiaux. Avant m\u00eame d&rsquo;\u00eatre une vocation, les voir distribu\u00e9s dans le monde entier, gr\u00e2ce \u00e0 un r\u00e9seau commercial et d&rsquo;assistance apr\u00e8s-vente s\u00e9lectionn\u00e9 et capilllaire, est une cons\u00e9quence directe de leur essence et de la n\u00f4tre.<\/span><\/p>\n<p class=\"brz-tp-lg-paragraph brz-css-ti3FQ\" data-generated-css=\"brz-css-vNda7\" data-uniq-id=\"rERYd\"><\/p>\n<\/div>\n<\/div>\n<\/div>\n<div id=\"\" class=\"brz-css-fLJ3y brz-css-yayPy brz-wrapper\">\n<div class=\"brz-spacer brz-css-ey1un brz-css-wYJuX\"><\/div>\n<\/div>\n<div class=\"brz-wrapper-clone brz-css-hcVbp\">\n<div class=\"brz-d-xs-flex brz-flex-xs-wrap brz-css-oJSj0 brz-css-qGKwM\" data-brz-custom-id=\"\">\n<div class=\"brz-wrapper-clone__item\" id=\"o5nRwLOQzSUJ\">\n<div class=\"brz-hover-animation__container\" data-brz-hover-animationid=\"fFv1q01O3Qs9\" data-brz-hover-options=\"%7B%22fill%22:%22forwards%22,%22easing%22:%22ease%22,%22duration%22:600,%22iterations%22:1%7D\" data-brz-hover-reversible=\"true\" data-brz-hover-target=\"%22firstChild%22\" data-brz-hover-animation=\"%5B%7B%22WebkitTransform%22:%22translateX(-8px)%22,%22transform%22:%22translateX(-8px)%22,%22offset%22:1%7D%5D\"><a class=\"brz-a brz-anchor brz-btn brz-css-pIZ4Q brz-css-b69km brz-css-aooKE brz-css-iURUB\" href=\"#modulo-richiesta-informazioni\" target=\"_self\" rel=\"noopener\" data-brz-link-type=\"anchor\" data-brz-custom-id=\"o5nRwLOQzSUJ\"><span data-brz-translate-text=\"1\" class=\"brz-span brz-text__editor\">Demandez des informations sur nos revendeurs<br \/>\n<\/span><\/a><\/div>\n<\/div>\n<\/div>\n<\/div>\n<\/div>\n<\/div>\n<div class=\"brz-columns brz-css-gJBtw brz-css-gVLRe\" data-brz-custom-id=\"zxDamNER2VON\">\n<div class=\"brz-bg\"><\/div>\n<div class=\"brz-column__items brz-css-ifgWq\">\n<div id=\"\" class=\"brz-css-fLJ3y brz-wrapper\">\n<div class=\"brz-image brz-css-fPe4k\" data-brz-custom-id=\"o9JR9CxKbC12\"><img decoding=\"async\" class=\"brz-img brz-img-svg\" src=\"https:\/\/imperial-line.com\/fr?brizy_media=wp-1bb3a09bc04bbeacee45577d3a757f09.svg&amp;brizy_crop=original\" alt=\"\" loading=\"lazy\"><\/div>\n<\/div>\n<\/div>\n<\/div>\n<\/div>\n<\/div>\n<\/div>\n<\/div>\n<\/section>\n<section id=\"modulo-richiesta-informazioni\" class=\"brz-section brz-css-y8nMH\">\n<div class=\"brz-section__content brz-section--boxed brz-css-wFdH_ brz-css-rDw7o\" data-brz-custom-id=\"fOru3J0qa7OK\">\n<div class=\"brz-bg\">\n<div class=\"brz-bg-color\"><\/div>\n<\/div>\n<div class=\"brz-container brz-css-mklGw\">\n<div id=\"\" class=\"brz-css-fLJ3y brz-wrapper\">\n<div class=\"brz-wp-shortcode brz-css-rXRDJ\" data-brz-custom-id=\"aG_HfF9QHhzR\">\n<div><div class=\"wpforms-container wpforms-container-full wpforms-render-modern\" id=\"wpforms-430\"><form id=\"wpforms-form-430\" class=\"wpforms-validate wpforms-form wpforms-ajax-form\" data-formid=\"430\" method=\"post\" enctype=\"multipart\/form-data\" action=\"\/fr\/wp-json\/wp\/v2\/pages\/12312\" data-token=\"2d91436051d63d8543e0df9cbd1c61f7\" data-token-time=\"1777745621\"><noscript class=\"wpforms-error-noscript\">Veuillez activer JavaScript dans votre navigateur pour remplir ce formulaire.<\/noscript><div class=\"wpforms-hidden\" id=\"wpforms-error-noscript\">Veuillez activer JavaScript dans votre navigateur pour remplir ce formulaire.<\/div><div class=\"wpforms-field-container\"><div id=\"wpforms-430-field_3-container\" class=\"wpforms-field wpforms-field-text\" data-field-id=\"3\"><label class=\"wpforms-field-label wpforms-label-hide\" for=\"wpforms-430-field_3\" aria-hidden=\"false\">Nom de l&#039;entreprise<\/label><input type=\"text\" id=\"wpforms-430-field_3\" class=\"wpforms-field-large\" name=\"wpforms[fields][3]\" placeholder=\"Nom de l&#039;entreprise\" aria-errormessage=\"wpforms-430-field_3-error\" ><\/div><div id=\"wpforms-430-field_1-container\" class=\"wpforms-field wpforms-field-name\" data-field-id=\"1\"><fieldset><legend class=\"wpforms-field-label wpforms-label-hide\" aria-hidden=\"false\">Nom<\/legend><div class=\"wpforms-field-row wpforms-field-large\"><div class=\"wpforms-field-row-block wpforms-first wpforms-one-half\"><input type=\"text\" id=\"wpforms-430-field_1\" class=\"wpforms-field-name-first\" name=\"wpforms[fields][1][first]\" placeholder=\"Nom\" aria-errormessage=\"wpforms-430-field_1-error\" ><label for=\"wpforms-430-field_1\" class=\"wpforms-field-sublabel after wpforms-sublabel-hide\">Nome<\/label><\/div><div class=\"wpforms-field-row-block wpforms-one-half\"><input type=\"text\" id=\"wpforms-430-field_1-last\" class=\"wpforms-field-name-last\" name=\"wpforms[fields][1][last]\" placeholder=\"Nom de famille\" aria-errormessage=\"wpforms-430-field_1-last-error\" ><label for=\"wpforms-430-field_1-last\" class=\"wpforms-field-sublabel after wpforms-sublabel-hide\">Cognome<\/label><\/div><\/div><\/fieldset><\/div><div id=\"wpforms-430-field_2-container\" class=\"wpforms-field wpforms-field-email\" data-field-id=\"2\"><label class=\"wpforms-field-label wpforms-label-hide\" for=\"wpforms-430-field_2\" aria-hidden=\"false\">Courriel <span class=\"wpforms-required-label\" aria-hidden=\"true\">*<\/span><\/label><input type=\"email\" id=\"wpforms-430-field_2\" class=\"wpforms-field-large wpforms-field-required\" name=\"wpforms[fields][2]\" placeholder=\"Courriel\" spellcheck=\"false\" aria-errormessage=\"wpforms-430-field_2-error\" required><\/div><div id=\"wpforms-430-field_4-container\" class=\"wpforms-field wpforms-field-text wpforms-one-half wpforms-first\" data-field-id=\"4\"><label class=\"wpforms-field-label wpforms-label-hide\" for=\"wpforms-430-field_4\" aria-hidden=\"false\">Nationalit\u00e9<\/label><input type=\"text\" id=\"wpforms-430-field_4\" class=\"wpforms-field-large\" name=\"wpforms[fields][4]\" placeholder=\"Nationalit\u00e9\" aria-errormessage=\"wpforms-430-field_4-error\" ><\/div><div id=\"wpforms-430-field_6-container\" class=\"wpforms-field wpforms-field-select wpforms-one-half wpforms-field-select-style-classic\" data-field-id=\"6\"><label class=\"wpforms-field-label wpforms-label-hide\" for=\"wpforms-430-field_6\" aria-hidden=\"false\">Profession<\/label><select id=\"wpforms-430-field_6\" class=\"wpforms-field-large\" name=\"wpforms[fields][6]\"><option value=\"\" class=\"placeholder\" disabled  selected='selected'>Profession<\/option><option value=\"Priv\u00e9\" >Priv\u00e9<\/option><option value=\"Architecte\" >Architecte<\/option><option value=\"Revendeur\" >Revendeur<\/option><\/select><\/div><div id=\"wpforms-430-field_7-container\" class=\"wpforms-field wpforms-field-textarea\" data-field-id=\"7\"><label class=\"wpforms-field-label wpforms-label-hide\" for=\"wpforms-430-field_7\" aria-hidden=\"false\">Message<\/label><textarea id=\"wpforms-430-field_7\" class=\"wpforms-field-medium\" name=\"wpforms[fields][7]\" placeholder=\"Message...\" aria-errormessage=\"wpforms-430-field_7-error\" ><\/textarea><\/div><div id=\"wpforms-430-field_8-container\" class=\"wpforms-field wpforms-field-checkbox wpforms-one-half wpforms-first\" data-field-id=\"8\"><fieldset><legend class=\"wpforms-field-label\">Politique de confidentialit\u00e9 <span class=\"wpforms-required-label\" aria-hidden=\"true\">*<\/span><\/legend><ul id=\"wpforms-430-field_8\" class=\"wpforms-field-required\"><li class=\"choice-1 depth-1\"><input type=\"checkbox\" id=\"wpforms-430-field_8_1\" name=\"wpforms[fields][8][]\" value=\"J&#039;ai lu et j&#039;accepte le traitement de mes donn\u00e9es personnelles - lisez les informations.\" aria-errormessage=\"wpforms-430-field_8_1-error\" required ><label class=\"wpforms-field-label-inline\" for=\"wpforms-430-field_8_1\">J'ai lu et j'accepte le traitement de mes donn\u00e9es personnelles - lisez les informations.<\/label><\/li><\/ul><\/fieldset><\/div><div id=\"wpforms-430-field_9-container\" class=\"wpforms-field wpforms-field-checkbox wpforms-one-half\" data-field-id=\"9\"><fieldset><legend class=\"wpforms-field-label\">Bulletin d&#039;information<\/legend><ul id=\"wpforms-430-field_9\"><li class=\"choice-1 depth-1\"><input type=\"checkbox\" id=\"wpforms-430-field_9_1\" name=\"wpforms[fields][9][]\" value=\"J&#039;accepte de recevoir des communications commerciales et\/ou des bulletins d&#039;information.\" aria-errormessage=\"wpforms-430-field_9_1-error\"  ><label class=\"wpforms-field-label-inline\" for=\"wpforms-430-field_9_1\">J'accepte de recevoir des communications commerciales et\/ou des bulletins d'information.<\/label><\/li><\/ul><\/fieldset><\/div><\/div><!-- .wpforms-field-container --><div class=\"wpforms-recaptcha-container wpforms-is-recaptcha wpforms-is-recaptcha-type-v3\" ><input type=\"hidden\" name=\"wpforms[recaptcha]\" value=\"\"><\/div><div class=\"wpforms-submit-container\" ><input type=\"hidden\" name=\"wpforms[id]\" value=\"430\"><input type=\"hidden\" name=\"page_title\" value=\"\"><input type=\"hidden\" name=\"page_url\" value=\"https:\/\/imperial-line.com\/fr\/wp-json\/wp\/v2\/pages\/12312\"><input type=\"hidden\" name=\"url_referer\" value=\"\"><button type=\"submit\" name=\"wpforms[submit]\" id=\"wpforms-submit-430\" class=\"wpforms-submit\" data-alt-text=\"l&#039;envoi...\" data-submit-text=\"Envoyer\" aria-live=\"assertive\" value=\"wpforms-submit\">Envoyer<\/button><img loading=\"lazy\" decoding=\"async\" src=\"https:\/\/imperial-line.com\/wp-content\/plugins\/wpforms-lite\/assets\/images\/submit-spin.svg\" class=\"wpforms-submit-spinner\" style=\"display: none;\" width=\"26\" height=\"26\" alt=\"Chargement en cours\"><\/div><\/form><\/div>  <!-- .wpforms-container --><\/div>\n<\/div>\n<\/div>\n<\/div>\n<\/div>\n<\/section>\n<\/div>\n<p>    <!-- version:1732040566 --><\/p>\n","protected":false},"excerpt":{"rendered":"<p>March\u00e9 R\u00e9alis\u00e9s en Italie, fin pr\u00eats pour le Monde Les objets sign\u00e9s Imperial Line sont con\u00e7us et r\u00e9alis\u00e9s selon des valeurs que nous voulons croire universelles, intemporelles, mais aussi sans fronti\u00e8res. Et nous les cr\u00e9ons pour r\u00e9pondre aux exigences et aux besoins de tous, quotidiens et mondiaux. Avant m\u00eame d&rsquo;\u00eatre une vocation, les voir distribu\u00e9s [&hellip;]<\/p>\n","protected":false},"author":1,"featured_media":0,"parent":0,"menu_order":0,"comment_status":"closed","ping_status":"closed","template":"","meta":{"_acf_changed":false,"footnotes":""},"class_list":["post-12312","page","type-page","status-publish","hentry"],"blocksy_meta":[],"acf":[],"yoast_head":"<!-- This site is optimized with the Yoast SEO plugin v25.2 - https:\/\/yoast.com\/wordpress\/plugins\/seo\/ -->\n<title>March\u00e9 - Imperial Line<\/title>\n<meta name=\"robots\" content=\"index, follow, max-snippet:-1, max-image-preview:large, max-video-preview:-1\" \/>\n<link rel=\"canonical\" href=\"https:\/\/imperial-line.com\/fr\/marche\/\" \/>\n<meta property=\"og:locale\" content=\"fr_FR\" \/>\n<meta property=\"og:type\" content=\"article\" \/>\n<meta property=\"og:title\" content=\"March\u00e9 - Imperial Line\" \/>\n<meta property=\"og:description\" content=\"March\u00e9 R\u00e9alis\u00e9s en Italie, fin pr\u00eats pour le Monde Les objets sign\u00e9s Imperial Line sont con\u00e7us et r\u00e9alis\u00e9s selon des valeurs que nous voulons croire universelles, intemporelles, mais aussi sans fronti\u00e8res. Et nous les cr\u00e9ons pour r\u00e9pondre aux exigences et aux besoins de tous, quotidiens et mondiaux. Avant m\u00eame d&rsquo;\u00eatre une vocation, les voir distribu\u00e9s [&hellip;]\" \/>\n<meta property=\"og:url\" content=\"https:\/\/imperial-line.com\/fr\/marche\/\" \/>\n<meta property=\"og:site_name\" content=\"Imperial Line\" \/>\n<meta property=\"article:modified_time\" content=\"2025-05-27T13:08:50+00:00\" \/>\n<meta property=\"og:image\" content=\"https:\/\/imperial-line.com\/fr?brizy_media=wp-1bb3a09bc04bbeacee45577d3a757f09.svg&amp;brizy_crop=original\" \/>\n<meta name=\"twitter:card\" content=\"summary_large_image\" \/>\n<meta name=\"twitter:label1\" content=\"Dur\u00e9e de lecture estim\u00e9e\" \/>\n\t<meta name=\"twitter:data1\" content=\"1 minute\" \/>\n<script type=\"application\/ld+json\" class=\"yoast-schema-graph\">{\"@context\":\"https:\/\/schema.org\",\"@graph\":[{\"@type\":\"WebPage\",\"@id\":\"https:\/\/imperial-line.com\/fr\/marche\/\",\"url\":\"https:\/\/imperial-line.com\/fr\/marche\/\",\"name\":\"March\u00e9 - Imperial Line\",\"isPartOf\":{\"@id\":\"https:\/\/imperial-line.com\/fr\/#website\"},\"primaryImageOfPage\":{\"@id\":\"https:\/\/imperial-line.com\/fr\/marche\/#primaryimage\"},\"image\":{\"@id\":\"https:\/\/imperial-line.com\/fr\/marche\/#primaryimage\"},\"thumbnailUrl\":\"https:\/\/imperial-line.com\/fr?brizy_media=wp-1bb3a09bc04bbeacee45577d3a757f09.svg&amp;brizy_crop=original\",\"datePublished\":\"2024-10-22T14:19:45+00:00\",\"dateModified\":\"2025-05-27T13:08:50+00:00\",\"breadcrumb\":{\"@id\":\"https:\/\/imperial-line.com\/fr\/marche\/#breadcrumb\"},\"inLanguage\":\"fr-FR\",\"potentialAction\":[{\"@type\":\"ReadAction\",\"target\":[\"https:\/\/imperial-line.com\/fr\/marche\/\"]}]},{\"@type\":\"ImageObject\",\"inLanguage\":\"fr-FR\",\"@id\":\"https:\/\/imperial-line.com\/fr\/marche\/#primaryimage\",\"url\":\"https:\/\/imperial-line.com\/fr?brizy_media=wp-1bb3a09bc04bbeacee45577d3a757f09.svg&amp;brizy_crop=original\",\"contentUrl\":\"https:\/\/imperial-line.com\/fr?brizy_media=wp-1bb3a09bc04bbeacee45577d3a757f09.svg&amp;brizy_crop=original\"},{\"@type\":\"BreadcrumbList\",\"@id\":\"https:\/\/imperial-line.com\/fr\/marche\/#breadcrumb\",\"itemListElement\":[{\"@type\":\"ListItem\",\"position\":1,\"name\":\"Home\",\"item\":\"https:\/\/imperial-line.com\/fr\/\"},{\"@type\":\"ListItem\",\"position\":2,\"name\":\"March\u00e9\"}]},{\"@type\":\"WebSite\",\"@id\":\"https:\/\/imperial-line.com\/fr\/#website\",\"url\":\"https:\/\/imperial-line.com\/fr\/\",\"name\":\"Imperial Line\",\"description\":\"\",\"publisher\":{\"@id\":\"https:\/\/imperial-line.com\/fr\/#organization\"},\"potentialAction\":[{\"@type\":\"SearchAction\",\"target\":{\"@type\":\"EntryPoint\",\"urlTemplate\":\"https:\/\/imperial-line.com\/fr\/?s={search_term_string}\"},\"query-input\":{\"@type\":\"PropertyValueSpecification\",\"valueRequired\":true,\"valueName\":\"search_term_string\"}}],\"inLanguage\":\"fr-FR\"},{\"@type\":\"Organization\",\"@id\":\"https:\/\/imperial-line.com\/fr\/#organization\",\"name\":\"Imperial Line\",\"url\":\"https:\/\/imperial-line.com\/fr\/\",\"logo\":{\"@type\":\"ImageObject\",\"inLanguage\":\"fr-FR\",\"@id\":\"https:\/\/imperial-line.com\/fr\/#\/schema\/logo\/image\/\",\"url\":\"https:\/\/imperial-line.com\/wp-content\/uploads\/2024\/05\/logo-black.png\",\"contentUrl\":\"https:\/\/imperial-line.com\/wp-content\/uploads\/2024\/05\/logo-black.png\",\"width\":2000,\"height\":160,\"caption\":\"Imperial Line\"},\"image\":{\"@id\":\"https:\/\/imperial-line.com\/fr\/#\/schema\/logo\/image\/\"}}]}<\/script>\n<!-- \/ Yoast SEO plugin. -->","yoast_head_json":{"title":"March\u00e9 - Imperial Line","robots":{"index":"index","follow":"follow","max-snippet":"max-snippet:-1","max-image-preview":"max-image-preview:large","max-video-preview":"max-video-preview:-1"},"canonical":"https:\/\/imperial-line.com\/fr\/marche\/","og_locale":"fr_FR","og_type":"article","og_title":"March\u00e9 - Imperial Line","og_description":"March\u00e9 R\u00e9alis\u00e9s en Italie, fin pr\u00eats pour le Monde Les objets sign\u00e9s Imperial Line sont con\u00e7us et r\u00e9alis\u00e9s selon des valeurs que nous voulons croire universelles, intemporelles, mais aussi sans fronti\u00e8res. Et nous les cr\u00e9ons pour r\u00e9pondre aux exigences et aux besoins de tous, quotidiens et mondiaux. Avant m\u00eame d&rsquo;\u00eatre une vocation, les voir distribu\u00e9s [&hellip;]","og_url":"https:\/\/imperial-line.com\/fr\/marche\/","og_site_name":"Imperial Line","article_modified_time":"2025-05-27T13:08:50+00:00","og_image":[{"url":"https:\/\/imperial-line.com\/fr?brizy_media=wp-1bb3a09bc04bbeacee45577d3a757f09.svg&amp;brizy_crop=original","type":"","width":"","height":""}],"twitter_card":"summary_large_image","twitter_misc":{"Dur\u00e9e de lecture estim\u00e9e":"1 minute"},"schema":{"@context":"https:\/\/schema.org","@graph":[{"@type":"WebPage","@id":"https:\/\/imperial-line.com\/fr\/marche\/","url":"https:\/\/imperial-line.com\/fr\/marche\/","name":"March\u00e9 - Imperial Line","isPartOf":{"@id":"https:\/\/imperial-line.com\/fr\/#website"},"primaryImageOfPage":{"@id":"https:\/\/imperial-line.com\/fr\/marche\/#primaryimage"},"image":{"@id":"https:\/\/imperial-line.com\/fr\/marche\/#primaryimage"},"thumbnailUrl":"https:\/\/imperial-line.com\/fr?brizy_media=wp-1bb3a09bc04bbeacee45577d3a757f09.svg&amp;brizy_crop=original","datePublished":"2024-10-22T14:19:45+00:00","dateModified":"2025-05-27T13:08:50+00:00","breadcrumb":{"@id":"https:\/\/imperial-line.com\/fr\/marche\/#breadcrumb"},"inLanguage":"fr-FR","potentialAction":[{"@type":"ReadAction","target":["https:\/\/imperial-line.com\/fr\/marche\/"]}]},{"@type":"ImageObject","inLanguage":"fr-FR","@id":"https:\/\/imperial-line.com\/fr\/marche\/#primaryimage","url":"https:\/\/imperial-line.com\/fr?brizy_media=wp-1bb3a09bc04bbeacee45577d3a757f09.svg&amp;brizy_crop=original","contentUrl":"https:\/\/imperial-line.com\/fr?brizy_media=wp-1bb3a09bc04bbeacee45577d3a757f09.svg&amp;brizy_crop=original"},{"@type":"BreadcrumbList","@id":"https:\/\/imperial-line.com\/fr\/marche\/#breadcrumb","itemListElement":[{"@type":"ListItem","position":1,"name":"Home","item":"https:\/\/imperial-line.com\/fr\/"},{"@type":"ListItem","position":2,"name":"March\u00e9"}]},{"@type":"WebSite","@id":"https:\/\/imperial-line.com\/fr\/#website","url":"https:\/\/imperial-line.com\/fr\/","name":"Imperial Line","description":"","publisher":{"@id":"https:\/\/imperial-line.com\/fr\/#organization"},"potentialAction":[{"@type":"SearchAction","target":{"@type":"EntryPoint","urlTemplate":"https:\/\/imperial-line.com\/fr\/?s={search_term_string}"},"query-input":{"@type":"PropertyValueSpecification","valueRequired":true,"valueName":"search_term_string"}}],"inLanguage":"fr-FR"},{"@type":"Organization","@id":"https:\/\/imperial-line.com\/fr\/#organization","name":"Imperial Line","url":"https:\/\/imperial-line.com\/fr\/","logo":{"@type":"ImageObject","inLanguage":"fr-FR","@id":"https:\/\/imperial-line.com\/fr\/#\/schema\/logo\/image\/","url":"https:\/\/imperial-line.com\/wp-content\/uploads\/2024\/05\/logo-black.png","contentUrl":"https:\/\/imperial-line.com\/wp-content\/uploads\/2024\/05\/logo-black.png","width":2000,"height":160,"caption":"Imperial Line"},"image":{"@id":"https:\/\/imperial-line.com\/fr\/#\/schema\/logo\/image\/"}}]}},"_links":{"self":[{"href":"https:\/\/imperial-line.com\/fr\/wp-json\/wp\/v2\/pages\/12312","targetHints":{"allow":["GET"]}}],"collection":[{"href":"https:\/\/imperial-line.com\/fr\/wp-json\/wp\/v2\/pages"}],"about":[{"href":"https:\/\/imperial-line.com\/fr\/wp-json\/wp\/v2\/types\/page"}],"author":[{"embeddable":true,"href":"https:\/\/imperial-line.com\/fr\/wp-json\/wp\/v2\/users\/1"}],"replies":[{"embeddable":true,"href":"https:\/\/imperial-line.com\/fr\/wp-json\/wp\/v2\/comments?post=12312"}],"version-history":[{"count":3,"href":"https:\/\/imperial-line.com\/fr\/wp-json\/wp\/v2\/pages\/12312\/revisions"}],"predecessor-version":[{"id":12316,"href":"https:\/\/imperial-line.com\/fr\/wp-json\/wp\/v2\/pages\/12312\/revisions\/12316"}],"wp:attachment":[{"href":"https:\/\/imperial-line.com\/fr\/wp-json\/wp\/v2\/media?parent=12312"}],"curies":[{"name":"wp","href":"https:\/\/api.w.org\/{rel}","templated":true}]}}