{"id":12307,"date":"2024-10-22T14:15:05","date_gmt":"2024-10-22T14:15:05","guid":{"rendered":"https:\/\/imperial-line.alfa.it\/news\/"},"modified":"2025-05-27T13:34:44","modified_gmt":"2025-05-27T13:34:44","slug":"news","status":"publish","type":"page","link":"https:\/\/imperial-line.com\/fr\/news\/","title":{"rendered":"News"},"content":{"rendered":"<div class=\"brz-root__container brz-reset-all brz\">\n<section id=\"_sQAgYecEvKiL\" class=\"brz-section brz-css-fiLhq brz-css-sdasu\">\n<div class=\"brz-section__content brz-section--fullWidth brz-css-cVOh3 brz-css-v5css\" data-brz-custom-id=\"xDQbEC2c7G8H\">\n<div class=\"brz-bg\">\n<div class=\"brz-bg-image\"><\/div>\n<div class=\"brz-bg-color\"><\/div>\n<\/div>\n<div class=\"brz-container brz-css-jsaXY brz-css-zGtv9\">\n<div class=\"brz-row__container brz-css-jFe5C\" data-brz-custom-id=\"lyV1fRUuGJBY\">\n<div class=\"brz-bg\"><\/div>\n<div class=\"brz-row brz-css-pt_64 brz-css-sx88s\">\n<div class=\"brz-columns brz-css-bMFaD brz-css-apXSr\" data-brz-custom-id=\"zmGbITbaXwdw\">\n<div class=\"brz-bg\">\n<div class=\"brz-bg-color\"><\/div>\n<\/div>\n<div class=\"brz-column__items brz-css-aBcXz brz-css-eTB9_\">\n<div id=\"\" class=\"brz-css-rCyYV brz-css-hOPY_ brz-wrapper\">\n<div class=\"brz-rich-text brz-rich-text__custom brz-css-h98Wz\" data-brz-custom-id=\"jf4cAGJUTtn8\">\n<div data-brz-translate-text=\"1\">\n<h2 class=\"brz-text-lg-right brz-tp-lg-heading2 brz-css-ckQFm\" data-generated-css=\"brz-css-waiuc\" data-uniq-id=\"yfpql\"><span class=\"brz-cp-color8\">News<\/span><\/h2>\n<\/div>\n<\/div>\n<\/div>\n<\/div>\n<\/div>\n<\/div>\n<\/div>\n<\/div>\n<\/div>\n<\/section>\n<section id=\"_qixDyfhhPepo\" class=\"brz-section brz-css-fiLhq\">\n<div class=\"brz-section__content brz-section--boxed brz-css-cVOh3 brz-css-a1a6h\" data-brz-custom-id=\"s2cODaEHgsCv\">\n<div class=\"brz-bg\">\n<div class=\"brz-bg-color\"><\/div>\n<\/div>\n<div class=\"brz-container brz-css-jsaXY\">\n<div class=\"brz-row__container brz-css-jFe5C\" data-brz-custom-id=\"g7Tkww1aF0iV\">\n<div class=\"brz-bg\"><\/div>\n<div class=\"brz-row brz-css-pt_64 brz-css-sx88s\">\n<div class=\"brz-columns brz-css-bMFaD brz-css-rlrdm\" data-brz-custom-id=\"vTGdfHdLwQJE\">\n<div class=\"brz-bg\"><\/div>\n<div class=\"brz-column__items brz-css-aBcXz brz-css-pQKS0\">\n<div id=\"\" class=\"brz-css-rCyYV brz-css-l2n18 brz-wrapper\">\n<div class=\"brz-spacer brz-css-qPWwN brz-css-syJma\"><\/div>\n<\/div>\n<div id=\"\" class=\"brz-css-rCyYV brz-css-mwFSy brz-wrapper\">\n<div class=\"brz-rich-text brz-rich-text__custom brz-css-h98Wz\" data-brz-custom-id=\"c1FDbJLlkVeg\">\n<div data-brz-translate-text=\"1\">\n<h2 class=\"brz-tp-lg-heading2 brz-mb-lg-10 brz-mb-xs-5 brz-text-lg-left brz-css-jCUjc\" data-generated-css=\"brz-css-mIIH0\" data-uniq-id=\"zVEoN\"><span class=\"brz-cp-color2\">D\u00e9couvrez les derni\u00e8res nouveaut\u00e9s de Imperial Line<\/span><\/h2>\n<\/div>\n<\/div>\n<\/div>\n<div id=\"\" class=\"brz-css-rCyYV brz-css-l2n18 brz-wrapper\">\n<div class=\"brz-spacer brz-css-qPWwN brz-css-huuDl\"><\/div>\n<\/div>\n<div id=\"\" class=\"brz-css-rCyYV brz-css-ahR3r brz-wrapper\">\n<div class=\"brz-rich-text brz-rich-text__custom brz-css-h98Wz\" data-brz-custom-id=\"hNazXdzK_OI2\">\n<div data-brz-translate-text=\"1\">\n<h1 class=\"brz-mb-lg-10 brz-mb-xs-5 brz-tp-lg-paragraph brz-text-lg-left brz-css-u2iqa\" data-generated-css=\"brz-css-d332X\" data-uniq-id=\"nLl3X\"><span class=\"brz-cp-color7\">Passionn\u00e9s de design. Curieux dans l\u2019exploration de notre monde et en qu\u00eate de solutions nouvelles. Rigoureux dans la recherche du confort et de la fonctionnalit\u00e9. Experts dans la r\u00e9alisation d\u2019objets r\u00e9sistants et de longue dur\u00e9e. Ce sont les qualit\u00e9s de notre groupe, racontant notre mani\u00e8re de produire des solutions d\u2019ameublement en bois pour environnements domestiques, de travail et d\u2019animation, pour l\u2019accueil et les projets contract.<\/span><\/h1>\n<\/div>\n<\/div>\n<\/div>\n<\/div>\n<\/div>\n<div class=\"brz-columns brz-css-bMFaD brz-css-j6v0_\" data-brz-custom-id=\"tN72fO9LWhgs\">\n<div class=\"brz-bg\">\n<div class=\"brz-bg-image\"><\/div>\n<\/div>\n<div class=\"brz-column__items brz-css-aBcXz brz-css-uWxN_\">\n<div id=\"\" class=\"brz-css-rCyYV brz-css-l2n18 brz-wrapper\">\n<div class=\"brz-spacer brz-css-qPWwN brz-css-oPLjL\"><\/div>\n<\/div>\n<\/div>\n<\/div>\n<\/div>\n<\/div>\n<\/div>\n<\/div>\n<\/section>\n<section id=\"_vneHT00h618m\" class=\"brz-section brz-css-fiLhq\">\n<div class=\"brz-section__content brz-section--boxed brz-css-cVOh3 brz-css-eqZa2\" data-brz-custom-id=\"erY2s1McGnMK\">\n<div class=\"brz-bg\">\n<div class=\"brz-bg-color\"><\/div>\n<\/div>\n<div class=\"brz-container brz-css-jsaXY brz-css-kPvJT\">\n<div class=\"brz-row__container brz-css-jFe5C\" data-brz-custom-id=\"zPKOYjxQixVG\">\n<div class=\"brz-bg\"><\/div>\n<div class=\"brz-row brz-css-pt_64 brz-css-sx88s\">\n<div class=\"brz-columns brz-css-bMFaD brz-css-zQ9Qt\" data-brz-custom-id=\"apWuUZT8iqSE\">\n<div class=\"brz-bg\"><\/div>\n<div class=\"brz-column__items brz-css-aBcXz brz-css-aIsRk\">\n<div id=\"\" class=\"brz-css-rCyYV brz-css-f2Yi9 brz-css-dbm01 brz-wrapper\">\n<div class=\"brz-posts brz-css-cMppA brz-css-lIws_\" data-brz-custom-id=\"kmnGRb9EMQ_2\">\n<div class=\"brz-posts__wrapper\">\n<div class=\"brz-posts__item\">\n<div class=\"brz-columns brz-css-bMFaD brz-css-rSVSl brz-css-t12mw\" data-brz-custom-id=\"tCrJQc_ESa4Z\">\n<div class=\"brz-bg\"><\/div>\n<div class=\"brz-column__items brz-css-aBcXz brz-css-fohdd\">\n<div class=\"brz-row__container brz-css-jFe5C\" data-brz-custom-id=\"s_Imok0X6000\">\n<div class=\"brz-bg\"><\/div>\n<div class=\"brz-row brz-row--inner brz-css-pt_64\">\n<div class=\"brz-columns brz-css-bMFaD brz-css-jNRyN\" data-brz-custom-id=\"oGSqUytWLTzA\">\n<div class=\"brz-bg\"><\/div>\n<div class=\"brz-column__items brz-css-aBcXz\">\n<div id=\"\" class=\"brz-css-rCyYV brz-css-nUIqN brz-wrapper\">\n<div class=\"brz-image brz-css-uzcVZ\" data-brz-custom-id=\"z7JBu3YsOhVv\"><a class=\"brz-a\" href=\"\" target=\"_blank\" rel=\"noopener nofollow\" data-brz-link-type=\"external\"><img decoding=\"async\" class=\"brz-img\" src=\"\" alt=\"'}}\" loading=\"lazy\"><\/a><\/div>\n<\/div>\n<\/div>\n<\/div>\n<div class=\"brz-columns brz-css-bMFaD\" data-brz-custom-id=\"yook4A1xAzqm\">\n<div class=\"brz-bg\"><\/div>\n<div class=\"brz-column__items brz-css-aBcXz\">\n<div id=\"\" class=\"brz-css-rCyYV brz-wrapper\">\n<div class=\"brz-wp-title brz-css-hrMyc brz-css-cLPGV brz-css-f2oco\" data-brz-custom-id=\"gq_xatbdgLzX\">\n<h3 class=\"brz-wp-title-content\" style=\"min-height:20px\"><\/h3>\n<\/div>\n<\/div>\n<div id=\"\" class=\"brz-css-rCyYV brz-css-hsv0Y brz-wrapper\">\n<div class=\"brz-rich-text brz-rich-text__population brz-css-h98Wz brz-css-eN8rW brz-css-c8wVU\" data-brz-custom-id=\"bHG6IkH4CII2\"><span><\/span><\/div>\n<\/div>\n<\/div>\n<\/div>\n<\/div>\n<\/div>\n<\/div>\n<\/div>\n<\/div>\n<\/div>\n<\/div>\n<\/div>\n<\/div>\n<\/div>\n<\/div>\n<\/div>\n<\/div>\n<\/div>\n<\/section>\n<\/div>\n<p>    <!-- version:1732060622 --><\/p>\n","protected":false},"excerpt":{"rendered":"<p>News D\u00e9couvrez les derni\u00e8res nouveaut\u00e9s de Imperial Line Passionn\u00e9s de design. Curieux dans l\u2019exploration de notre monde et en qu\u00eate de solutions nouvelles. Rigoureux dans la recherche du confort et de la fonctionnalit\u00e9. Experts dans la r\u00e9alisation d\u2019objets r\u00e9sistants et de longue dur\u00e9e. Ce sont les qualit\u00e9s de notre groupe, racontant notre mani\u00e8re de produire [&hellip;]<\/p>\n","protected":false},"author":1,"featured_media":0,"parent":0,"menu_order":0,"comment_status":"closed","ping_status":"closed","template":"","meta":{"_acf_changed":false,"footnotes":""},"class_list":["post-12307","page","type-page","status-publish","hentry"],"blocksy_meta":[],"acf":[],"yoast_head":"<!-- This site is optimized with the Yoast SEO plugin v25.2 - https:\/\/yoast.com\/wordpress\/plugins\/seo\/ -->\n<title>News - Imperial Line<\/title>\n<meta name=\"robots\" content=\"index, follow, max-snippet:-1, max-image-preview:large, max-video-preview:-1\" \/>\n<link rel=\"canonical\" href=\"https:\/\/imperial-line.com\/fr\/news\/\" \/>\n<meta property=\"og:locale\" content=\"fr_FR\" \/>\n<meta property=\"og:type\" content=\"article\" \/>\n<meta property=\"og:title\" content=\"News - Imperial Line\" \/>\n<meta property=\"og:description\" content=\"News D\u00e9couvrez les derni\u00e8res nouveaut\u00e9s de Imperial Line Passionn\u00e9s de design. Curieux dans l\u2019exploration de notre monde et en qu\u00eate de solutions nouvelles. Rigoureux dans la recherche du confort et de la fonctionnalit\u00e9. Experts dans la r\u00e9alisation d\u2019objets r\u00e9sistants et de longue dur\u00e9e. Ce sont les qualit\u00e9s de notre groupe, racontant notre mani\u00e8re de produire [&hellip;]\" \/>\n<meta property=\"og:url\" content=\"https:\/\/imperial-line.com\/fr\/news\/\" \/>\n<meta property=\"og:site_name\" content=\"Imperial Line\" \/>\n<meta property=\"article:modified_time\" content=\"2025-05-27T13:34:44+00:00\" \/>\n<meta name=\"twitter:card\" content=\"summary_large_image\" \/>\n<script type=\"application\/ld+json\" class=\"yoast-schema-graph\">{\"@context\":\"https:\/\/schema.org\",\"@graph\":[{\"@type\":\"WebPage\",\"@id\":\"https:\/\/imperial-line.com\/fr\/news\/\",\"url\":\"https:\/\/imperial-line.com\/fr\/news\/\",\"name\":\"News - Imperial Line\",\"isPartOf\":{\"@id\":\"https:\/\/imperial-line.com\/fr\/#website\"},\"datePublished\":\"2024-10-22T14:15:05+00:00\",\"dateModified\":\"2025-05-27T13:34:44+00:00\",\"breadcrumb\":{\"@id\":\"https:\/\/imperial-line.com\/fr\/news\/#breadcrumb\"},\"inLanguage\":\"fr-FR\",\"potentialAction\":[{\"@type\":\"ReadAction\",\"target\":[\"https:\/\/imperial-line.com\/fr\/news\/\"]}]},{\"@type\":\"BreadcrumbList\",\"@id\":\"https:\/\/imperial-line.com\/fr\/news\/#breadcrumb\",\"itemListElement\":[{\"@type\":\"ListItem\",\"position\":1,\"name\":\"Home\",\"item\":\"https:\/\/imperial-line.com\/fr\/\"},{\"@type\":\"ListItem\",\"position\":2,\"name\":\"News\"}]},{\"@type\":\"WebSite\",\"@id\":\"https:\/\/imperial-line.com\/fr\/#website\",\"url\":\"https:\/\/imperial-line.com\/fr\/\",\"name\":\"Imperial Line\",\"description\":\"\",\"publisher\":{\"@id\":\"https:\/\/imperial-line.com\/fr\/#organization\"},\"potentialAction\":[{\"@type\":\"SearchAction\",\"target\":{\"@type\":\"EntryPoint\",\"urlTemplate\":\"https:\/\/imperial-line.com\/fr\/?s={search_term_string}\"},\"query-input\":{\"@type\":\"PropertyValueSpecification\",\"valueRequired\":true,\"valueName\":\"search_term_string\"}}],\"inLanguage\":\"fr-FR\"},{\"@type\":\"Organization\",\"@id\":\"https:\/\/imperial-line.com\/fr\/#organization\",\"name\":\"Imperial Line\",\"url\":\"https:\/\/imperial-line.com\/fr\/\",\"logo\":{\"@type\":\"ImageObject\",\"inLanguage\":\"fr-FR\",\"@id\":\"https:\/\/imperial-line.com\/fr\/#\/schema\/logo\/image\/\",\"url\":\"https:\/\/imperial-line.com\/wp-content\/uploads\/2024\/05\/logo-black.png\",\"contentUrl\":\"https:\/\/imperial-line.com\/wp-content\/uploads\/2024\/05\/logo-black.png\",\"width\":2000,\"height\":160,\"caption\":\"Imperial Line\"},\"image\":{\"@id\":\"https:\/\/imperial-line.com\/fr\/#\/schema\/logo\/image\/\"}}]}<\/script>\n<!-- \/ Yoast SEO plugin. -->","yoast_head_json":{"title":"News - Imperial Line","robots":{"index":"index","follow":"follow","max-snippet":"max-snippet:-1","max-image-preview":"max-image-preview:large","max-video-preview":"max-video-preview:-1"},"canonical":"https:\/\/imperial-line.com\/fr\/news\/","og_locale":"fr_FR","og_type":"article","og_title":"News - Imperial Line","og_description":"News D\u00e9couvrez les derni\u00e8res nouveaut\u00e9s de Imperial Line Passionn\u00e9s de design. Curieux dans l\u2019exploration de notre monde et en qu\u00eate de solutions nouvelles. Rigoureux dans la recherche du confort et de la fonctionnalit\u00e9. Experts dans la r\u00e9alisation d\u2019objets r\u00e9sistants et de longue dur\u00e9e. Ce sont les qualit\u00e9s de notre groupe, racontant notre mani\u00e8re de produire [&hellip;]","og_url":"https:\/\/imperial-line.com\/fr\/news\/","og_site_name":"Imperial Line","article_modified_time":"2025-05-27T13:34:44+00:00","twitter_card":"summary_large_image","schema":{"@context":"https:\/\/schema.org","@graph":[{"@type":"WebPage","@id":"https:\/\/imperial-line.com\/fr\/news\/","url":"https:\/\/imperial-line.com\/fr\/news\/","name":"News - Imperial Line","isPartOf":{"@id":"https:\/\/imperial-line.com\/fr\/#website"},"datePublished":"2024-10-22T14:15:05+00:00","dateModified":"2025-05-27T13:34:44+00:00","breadcrumb":{"@id":"https:\/\/imperial-line.com\/fr\/news\/#breadcrumb"},"inLanguage":"fr-FR","potentialAction":[{"@type":"ReadAction","target":["https:\/\/imperial-line.com\/fr\/news\/"]}]},{"@type":"BreadcrumbList","@id":"https:\/\/imperial-line.com\/fr\/news\/#breadcrumb","itemListElement":[{"@type":"ListItem","position":1,"name":"Home","item":"https:\/\/imperial-line.com\/fr\/"},{"@type":"ListItem","position":2,"name":"News"}]},{"@type":"WebSite","@id":"https:\/\/imperial-line.com\/fr\/#website","url":"https:\/\/imperial-line.com\/fr\/","name":"Imperial Line","description":"","publisher":{"@id":"https:\/\/imperial-line.com\/fr\/#organization"},"potentialAction":[{"@type":"SearchAction","target":{"@type":"EntryPoint","urlTemplate":"https:\/\/imperial-line.com\/fr\/?s={search_term_string}"},"query-input":{"@type":"PropertyValueSpecification","valueRequired":true,"valueName":"search_term_string"}}],"inLanguage":"fr-FR"},{"@type":"Organization","@id":"https:\/\/imperial-line.com\/fr\/#organization","name":"Imperial Line","url":"https:\/\/imperial-line.com\/fr\/","logo":{"@type":"ImageObject","inLanguage":"fr-FR","@id":"https:\/\/imperial-line.com\/fr\/#\/schema\/logo\/image\/","url":"https:\/\/imperial-line.com\/wp-content\/uploads\/2024\/05\/logo-black.png","contentUrl":"https:\/\/imperial-line.com\/wp-content\/uploads\/2024\/05\/logo-black.png","width":2000,"height":160,"caption":"Imperial Line"},"image":{"@id":"https:\/\/imperial-line.com\/fr\/#\/schema\/logo\/image\/"}}]}},"_links":{"self":[{"href":"https:\/\/imperial-line.com\/fr\/wp-json\/wp\/v2\/pages\/12307","targetHints":{"allow":["GET"]}}],"collection":[{"href":"https:\/\/imperial-line.com\/fr\/wp-json\/wp\/v2\/pages"}],"about":[{"href":"https:\/\/imperial-line.com\/fr\/wp-json\/wp\/v2\/types\/page"}],"author":[{"embeddable":true,"href":"https:\/\/imperial-line.com\/fr\/wp-json\/wp\/v2\/users\/1"}],"replies":[{"embeddable":true,"href":"https:\/\/imperial-line.com\/fr\/wp-json\/wp\/v2\/comments?post=12307"}],"version-history":[{"count":3,"href":"https:\/\/imperial-line.com\/fr\/wp-json\/wp\/v2\/pages\/12307\/revisions"}],"predecessor-version":[{"id":12311,"href":"https:\/\/imperial-line.com\/fr\/wp-json\/wp\/v2\/pages\/12307\/revisions\/12311"}],"wp:attachment":[{"href":"https:\/\/imperial-line.com\/fr\/wp-json\/wp\/v2\/media?parent=12307"}],"curies":[{"name":"wp","href":"https:\/\/api.w.org\/{rel}","templated":true}]}}