{"id":12410,"date":"2024-10-22T14:09:05","date_gmt":"2024-10-22T14:09:05","guid":{"rendered":"https:\/\/imperial-line.alfa.it\/chi-siamo\/"},"modified":"2025-05-27T20:04:35","modified_gmt":"2025-05-27T20:04:35","slug":"quienes-somos","status":"publish","type":"page","link":"https:\/\/imperial-line.com\/es\/quienes-somos\/","title":{"rendered":"Qui\u00e9nes somos"},"content":{"rendered":"<div class=\"brz-root__container brz-reset-all brz\">\n<section id=\"_sQAgYecEvKiL\" class=\"brz-section brz-css-fijqn brz-css-fXM8K\">\n<div class=\"brz-section__content brz-section--fullWidth brz-css-ej9_z brz-css-ad2Tf\" data-brz-custom-id=\"xDQbEC2c7G8H\">\n<div class=\"brz-bg\">\n<div class=\"brz-bg-image\"><\/div>\n<div class=\"brz-bg-color\"><\/div>\n<\/div>\n<div class=\"brz-container brz-css-ej5tS brz-css-hVhhm\">\n<div class=\"brz-row__container brz-css-mTHVc\" data-brz-custom-id=\"lyV1fRUuGJBY\">\n<div class=\"brz-bg\"><\/div>\n<div class=\"brz-row brz-css-gubq4 brz-css-r0Twl\">\n<div class=\"brz-columns brz-css-qSio1 brz-css-y1lTN\" data-brz-custom-id=\"zmGbITbaXwdw\">\n<div class=\"brz-bg\">\n<div class=\"brz-bg-color\"><\/div>\n<\/div>\n<div class=\"brz-column__items brz-css-c7Gj2 brz-css-sl8Ag\">\n<div id=\"\" class=\"brz-css-ggkuP brz-css-j8QG9 brz-wrapper\">\n<div class=\"brz-rich-text brz-rich-text__custom brz-css-zNJdM\" data-brz-custom-id=\"jf4cAGJUTtn8\">\n<div data-brz-translate-text=\"1\">\n<h2 class=\"brz-tp-lg-heading2 brz-text-lg-right brz-css-p7W5E\" data-uniq-id=\"jb4qs\" data-generated-css=\"brz-css-duMBy\"><span class=\"brz-cp-color8\">Qui\u00e9nes somoss<\/span><\/h2>\n<\/div>\n<\/div>\n<\/div>\n<\/div>\n<\/div>\n<\/div>\n<\/div>\n<\/div>\n<\/div>\n<\/section>\n<section id=\"_qixDyfhhPepo\" class=\"brz-section brz-css-fijqn\">\n<div class=\"brz-section__content brz-section--boxed brz-css-ej9_z brz-css-o7Mw0\" data-brz-custom-id=\"s2cODaEHgsCv\">\n<div class=\"brz-bg\">\n<div class=\"brz-bg-color\"><\/div>\n<\/div>\n<div class=\"brz-container brz-css-ej5tS\">\n<div class=\"brz-row__container brz-css-mTHVc\" data-brz-custom-id=\"g7Tkww1aF0iV\">\n<div class=\"brz-bg\"><\/div>\n<div class=\"brz-row brz-css-gubq4 brz-css-r0Twl\">\n<div class=\"brz-columns brz-css-qSio1 brz-css-mHsSJ\" data-brz-custom-id=\"vTGdfHdLwQJE\">\n<div class=\"brz-bg\"><\/div>\n<div class=\"brz-column__items brz-css-c7Gj2 brz-css-tiBM2\">\n<div id=\"\" class=\"brz-css-ggkuP brz-css-lJOfl brz-wrapper\">\n<div class=\"brz-spacer brz-css-rPvT9 brz-css-fQT2A\"><\/div>\n<\/div>\n<div id=\"\" class=\"brz-css-ggkuP brz-css-mK1sz brz-wrapper\">\n<div class=\"brz-rich-text brz-rich-text__custom brz-css-zNJdM\" data-brz-custom-id=\"c1FDbJLlkVeg\">\n<div data-brz-translate-text=\"1\">\n<h2 class=\"brz-tp-lg-heading2 brz-mb-lg-10 brz-mb-xs-5 brz-text-lg-left brz-css-eRQtT\" data-generated-css=\"brz-css-kJ0UQ\" data-uniq-id=\"egKha\"><span class=\"brz-cp-color2\">Innovamos por curiosidad, lo hacemos por pasi\u00f3n<\/span><\/h2>\n<\/div>\n<\/div>\n<\/div>\n<div id=\"\" class=\"brz-css-ggkuP brz-css-lJOfl brz-wrapper\">\n<div class=\"brz-spacer brz-css-rPvT9 brz-css-sNY1U\"><\/div>\n<\/div>\n<div id=\"\" class=\"brz-css-ggkuP brz-css-mNGt7 brz-wrapper\">\n<div class=\"brz-rich-text brz-rich-text__custom brz-css-zNJdM\" data-brz-custom-id=\"hNazXdzK_OI2\">\n<div data-brz-translate-text=\"1\">\n<h1 class=\"brz-mb-lg-10 brz-mb-xs-5 brz-tp-lg-paragraph brz-text-lg-left brz-css-zEpZI\" data-generated-css=\"brz-css-j_GrN\" data-uniq-id=\"txr7z\"><span class=\"brz-cp-color7\">Apasionados de dise\u00f1o. Curioso por explorar este mundo y encontrar nuevas soluciones, rigurosas en la b\u00fasqueda de confort y funcionalidad. Expertos en la creaci\u00f3n de objetos duraderos y duraderos, son las cualidades de nuestro grupo y explican la forma en que producimos soluciones de muebles de madera para entornos dom\u00e9sticos, laborales y de entretenimiento, para proyectos de hospitalidad y contract.<\/span><\/h1>\n<\/div>\n<\/div>\n<\/div>\n<\/div>\n<\/div>\n<div class=\"brz-columns brz-css-qSio1 brz-css-vfGRO\" data-brz-custom-id=\"tN72fO9LWhgs\">\n<div class=\"brz-bg\">\n<div class=\"brz-bg-image\"><\/div>\n<div class=\"brz-bg-color\"><\/div>\n<\/div>\n<div class=\"brz-column__items brz-css-c7Gj2 brz-css-vvti4\">\n<div id=\"\" class=\"brz-css-ggkuP brz-css-lJOfl brz-wrapper\">\n<div class=\"brz-spacer brz-css-rPvT9 brz-css-a4mIp\"><\/div>\n<\/div>\n<\/div>\n<\/div>\n<\/div>\n<\/div>\n<\/div>\n<\/div>\n<\/section>\n<section id=\"_hIE4dnYnA4pl\" class=\"brz-section brz-css-fijqn\">\n<div class=\"brz-section__content brz-section--fullWidth brz-css-ej9_z brz-css-b7tsC\" data-brz-custom-id=\"uuIYOBMFrLVh\">\n<div class=\"brz-bg\">\n<div class=\"brz-bg-color\"><\/div>\n<\/div>\n<div class=\"brz-container brz-css-ej5tS brz-css-pWSvx\">\n<div class=\"brz-row__container brz-css-mTHVc brz-css-bSvsp\" data-brz-custom-id=\"kFx691l9rRCX\">\n<div class=\"brz-bg\"><\/div>\n<div class=\"brz-row brz-css-gubq4 brz-css-r0Twl\">\n<div class=\"brz-columns brz-css-qSio1 brz-css-y60NM\" data-brz-custom-id=\"biSJNAjkGTBB\">\n<div class=\"brz-bg\">\n<div class=\"brz-bg-image\"><\/div>\n<\/div>\n<div class=\"brz-column__items brz-css-c7Gj2\">\n<div id=\"\" class=\"brz-css-ggkuP brz-css-lJOfl brz-wrapper\">\n<div class=\"brz-spacer brz-css-rPvT9 brz-css-aSY1I\"><\/div>\n<\/div>\n<\/div>\n<\/div>\n<div class=\"brz-columns brz-css-qSio1 brz-css-m7Kk7\" data-brz-custom-id=\"r_23vT6vbUSD\">\n<div class=\"brz-bg\">\n<div class=\"brz-bg-image\"><\/div>\n<div class=\"brz-bg-color\"><\/div>\n<\/div>\n<div class=\"brz-column__items brz-css-c7Gj2\">\n<div id=\"\" class=\"brz-css-ggkuP brz-css-lJOfl brz-wrapper\">\n<div class=\"brz-spacer brz-css-rPvT9 brz-css-n2F48\"><\/div>\n<\/div>\n<\/div>\n<\/div>\n<div class=\"brz-columns brz-css-qSio1 brz-css-rgp9g\" data-brz-custom-id=\"eIIE8oun4KsC\">\n<div class=\"brz-bg\"><\/div>\n<div class=\"brz-column__items brz-css-c7Gj2 brz-css-z7T81\">\n<div id=\"\" class=\"brz-css-ggkuP brz-css-h_6gg brz-wrapper\">\n<div class=\"brz-rich-text brz-rich-text__custom brz-css-zNJdM\" data-brz-custom-id=\"rheT7LD7QYs_\">\n<div data-brz-translate-text=\"1\">\n<h2 class=\"brz-tp-lg-heading2 brz-mb-lg-10 brz-mb-xs-5 brz-text-lg-left brz-css-k3iXs\" data-generated-css=\"brz-css-m20Qi\" data-uniq-id=\"xFjou\"><span class=\"brz-cp-color2\">La madera es nuestro amor<\/span><\/h2>\n<\/div>\n<\/div>\n<\/div>\n<div id=\"\" class=\"brz-css-ggkuP brz-wrapper\">\n<div class=\"brz-rich-text brz-rich-text__custom brz-css-zNJdM\" data-brz-custom-id=\"nQKxmVt1eDeq\">\n<div data-brz-translate-text=\"1\">\n<p class=\"brz-tp-lg-paragraph brz-css-nHXv_\" data-generated-css=\"brz-css-zhyFO\" data-uniq-id=\"hxi_F\"><span class=\"brz-cp-color7\">Viva, c\u00e1lida, preciosa, natural, diferente y variada como sus esencias y los usos que hace a\u00f1os hace del hombre, Fuerte y noble. Para nosotros, la madera es sobre todo armon\u00eda. Para ser transferido a los objetos a quienes lo usar\u00e1n. Como lo hacemos Amarlo, por una larga relaci\u00f3n, conocerlo perfectamente pero a\u00fan estudiarlo, continuamente, y tratarlo bien con uno de nuestros mejores amigos.<\/span><\/p>\n<\/div>\n<\/div>\n<\/div>\n<\/div>\n<\/div>\n<\/div>\n<\/div>\n<\/div>\n<\/div>\n<\/section>\n<section id=\"_wnDdNsv8t761\" class=\"brz-section brz-css-fijqn\">\n<div class=\"brz-section__content brz-section--fullWidth brz-css-ej9_z brz-css-bXpMJ\" data-brz-custom-id=\"nY6cSvFFGp13\">\n<div class=\"brz-bg\">\n<div class=\"brz-bg-color\"><\/div>\n<\/div>\n<div class=\"brz-container brz-css-ej5tS brz-css-dVdIf\">\n<div class=\"brz-row__container brz-css-mTHVc\" data-brz-custom-id=\"lce303fCwWQx\">\n<div class=\"brz-bg\"><\/div>\n<div class=\"brz-row brz-css-gubq4 brz-css-r0Twl\">\n<div class=\"brz-columns brz-css-qSio1 brz-css-p5xcE\" data-brz-custom-id=\"zv49YMNktbZi\">\n<div class=\"brz-bg\"><\/div>\n<div class=\"brz-column__items brz-css-c7Gj2 brz-css-vTIhc\">\n<div id=\"\" class=\"brz-css-ggkuP brz-css-l5eCH brz-wrapper\">\n<div class=\"brz-rich-text brz-rich-text__custom brz-css-zNJdM\" data-brz-custom-id=\"temvNox8c4YA\">\n<div data-brz-translate-text=\"1\">\n<h2 class=\"brz-tp-lg-heading2 brz-mb-lg-10 brz-mb-xs-5 brz-text-lg-left brz-css-afrVw\" data-generated-css=\"brz-css-qCpQB\" data-uniq-id=\"sYV6E\"><span class=\"brz-cp-color2\">La materia es nuestra gu\u00eda<\/span><\/h2>\n<\/div>\n<\/div>\n<\/div>\n<div id=\"\" class=\"brz-css-ggkuP brz-wrapper\">\n<div class=\"brz-rich-text brz-rich-text__custom brz-css-zNJdM\" data-brz-custom-id=\"lJAjtaMvzqfH\">\n<div data-brz-translate-text=\"1\">\n<p class=\"brz-tp-lg-paragraph brz-css-jf2r_\" data-uniq-id=\"epnQZ\" data-generated-css=\"brz-css-y5pQ0\"><span class=\"brz-cp-color7\">No solo hay madera en nuestros objetos de mobiliario, estructura, detalles, revestimientos: seleccionamos los mejores materiales y los confiamos a nuestros especialistas, sus conocimientos, el resultado de la experiencia, el estudio y el trabajo diario, aseguran que cada trabajo se realice y el estado del arte con cuidado y atenci\u00f3n, respetando y mejorando las cualidades de cada materia prima.<\/span><\/p>\n<\/div>\n<\/div>\n<\/div>\n<\/div>\n<\/div>\n<div class=\"brz-columns brz-css-qSio1 brz-css-nzhU0\" data-brz-custom-id=\"jTLL6lMDi6yX\">\n<div class=\"brz-bg\">\n<div class=\"brz-bg-image\"><\/div>\n<\/div>\n<div class=\"brz-column__items brz-css-c7Gj2\">\n<div id=\"\" class=\"brz-css-ggkuP brz-css-lJOfl brz-wrapper\">\n<div class=\"brz-spacer brz-css-rPvT9 brz-css-pdZ9a\"><\/div>\n<\/div>\n<\/div>\n<\/div>\n<div class=\"brz-columns brz-css-qSio1 brz-css-zMc56\" data-brz-custom-id=\"gMo28RSlPxPM\">\n<div class=\"brz-bg\">\n<div class=\"brz-bg-image\"><\/div>\n<\/div>\n<div class=\"brz-column__items brz-css-c7Gj2\">\n<div id=\"\" class=\"brz-css-ggkuP brz-css-lJOfl brz-wrapper\">\n<div class=\"brz-spacer brz-css-rPvT9 brz-css-w_sRl\"><\/div>\n<\/div>\n<\/div>\n<\/div>\n<\/div>\n<\/div>\n<\/div>\n<\/div>\n<\/section>\n<section id=\"_kAEfCf8T0v0w\" class=\"brz-section brz-css-fijqn\">\n<div class=\"brz-section__content brz-section--boxed brz-css-ej9_z brz-css-cEmn6\" data-brz-custom-id=\"iLwRisLf0le7\">\n<div class=\"brz-bg\">\n<div class=\"brz-bg-image\"><\/div>\n<div class=\"brz-bg-color\"><\/div>\n<\/div>\n<div class=\"brz-container brz-css-ej5tS\">\n<div class=\"brz-row__container brz-css-mTHVc\" data-brz-custom-id=\"nxfnjavIXcFF\">\n<div class=\"brz-bg\"><\/div>\n<div class=\"brz-row brz-css-gubq4 brz-css-r0Twl\">\n<div class=\"brz-columns brz-css-qSio1 brz-css-fKXRf\" data-brz-custom-id=\"cgiHhmuFGXNm\">\n<div class=\"brz-bg\">\n<div class=\"brz-bg-image\"><\/div>\n<\/div>\n<div class=\"brz-column__items brz-css-c7Gj2 brz-css-uCIUa\">\n<div id=\"\" class=\"brz-css-ggkuP brz-css-lJOfl brz-wrapper\">\n<div class=\"brz-spacer brz-css-rPvT9 brz-css-omeB8\"><\/div>\n<\/div>\n<\/div>\n<\/div>\n<div class=\"brz-columns brz-css-qSio1 brz-css-q06Ls\" data-brz-custom-id=\"pF41y_OtqiQN\">\n<div class=\"brz-bg\">\n<div class=\"brz-bg-image\"><\/div>\n<\/div>\n<div class=\"brz-column__items brz-css-c7Gj2 brz-css-nEKAn\">\n<div id=\"\" class=\"brz-css-ggkuP brz-css-lJOfl brz-wrapper\">\n<div class=\"brz-spacer brz-css-rPvT9 brz-css-nvHKU\"><\/div>\n<\/div>\n<\/div>\n<\/div>\n<div class=\"brz-columns brz-css-qSio1 brz-css-wJ7gL\" data-brz-custom-id=\"cyQRx4zphOr0\">\n<div class=\"brz-bg\">\n<div class=\"brz-bg-image\"><\/div>\n<\/div>\n<div class=\"brz-column__items brz-css-c7Gj2 brz-css-kwtnq\">\n<div id=\"\" class=\"brz-css-ggkuP brz-css-lJOfl brz-wrapper\">\n<div class=\"brz-spacer brz-css-rPvT9 brz-css-hsXeW\"><\/div>\n<\/div>\n<\/div>\n<\/div>\n<\/div>\n<\/div>\n<\/div>\n<\/div>\n<\/section>\n<section id=\"_aDZ7U_xjd857\" class=\"brz-section brz-css-fijqn\">\n<div class=\"brz-section__content brz-section--boxed brz-css-ej9_z brz-css-d1TJc\" data-brz-custom-id=\"wTwjZYjdafbP\">\n<div class=\"brz-bg\">\n<div class=\"brz-bg-color\"><\/div>\n<\/div>\n<div class=\"brz-container brz-css-ej5tS\">\n<div class=\"brz-row__container brz-css-mTHVc brz-css-cbKPr\" data-brz-custom-id=\"gNKgqJ7AzyaP\">\n<div class=\"brz-bg\"><\/div>\n<div class=\"brz-row brz-css-gubq4 brz-css-r0Twl\">\n<div class=\"brz-columns brz-css-qSio1 brz-css-b3rrY\" data-brz-custom-id=\"paiYvpszQJO7\">\n<div class=\"brz-bg\">\n<div class=\"brz-bg-image\"><\/div>\n<\/div>\n<div class=\"brz-column__items brz-css-c7Gj2\">\n<div id=\"\" class=\"brz-css-ggkuP brz-css-lJOfl brz-wrapper\">\n<div class=\"brz-spacer brz-css-rPvT9 brz-css-zyJfd\"><\/div>\n<\/div>\n<\/div>\n<\/div>\n<div class=\"brz-columns brz-css-qSio1 brz-css-i6kmv\" data-brz-custom-id=\"x86fsQIJypW5\">\n<div class=\"brz-bg\"><\/div>\n<div class=\"brz-column__items brz-css-c7Gj2 brz-css-foTHf\">\n<div id=\"\" class=\"brz-css-ggkuP brz-css-rtqXm brz-wrapper\">\n<div class=\"brz-rich-text brz-rich-text__custom brz-css-zNJdM\" data-brz-custom-id=\"bailYN4czhET\">\n<div data-brz-translate-text=\"1\">\n<h2 class=\"brz-tp-lg-heading2 brz-mb-lg-10 brz-mb-xs-5 brz-text-lg-left brz-css-tCkDt\" data-generated-css=\"brz-css-s05OW\" data-uniq-id=\"n8Slr\"><span class=\"brz-cp-color2\">La funci\u00f3n es nuestro proyecto<\/span><\/h2>\n<\/div>\n<\/div>\n<\/div>\n<div id=\"\" class=\"brz-css-ggkuP brz-wrapper\">\n<div class=\"brz-rich-text brz-rich-text__custom brz-css-zNJdM\" data-brz-custom-id=\"lZXefGl4Aj5M\">\n<div data-brz-translate-text=\"1\">\n<p class=\"brz-tp-lg-paragraph brz-css-bYs9q\" data-uniq-id=\"sCapM\" data-generated-css=\"brz-css-lRmpw\"><span class=\"brz-cp-color7\">Reconocemos solo el dise\u00f1o que cumple una funci\u00f3n precisa dise\u00f1ada para satisfacer una necesidad humana. La belleza, la comodidad y la robustez son caracter\u00edsticas universales de nuestros productos, pero cada uno de ellos est\u00e1 dise\u00f1ado y construido para un espacio, para un uso, para una solicitud. Incluso el m\u00e1s preciso y espec\u00edfico avanzado por nuestro socio. Nuestra creatividad est\u00e1 hecha a medida.<\/span><\/p>\n<\/div>\n<\/div>\n<\/div>\n<\/div>\n<\/div>\n<\/div>\n<\/div>\n<\/div>\n<\/div>\n<\/section>\n<section id=\"_smZFkuDmFu2f\" class=\"brz-section brz-css-fijqn\">\n<div class=\"brz-section__content brz-section--boxed brz-css-ej9_z brz-css-zhf5M\" data-brz-custom-id=\"sUoCOimh7zXD\">\n<div class=\"brz-bg\">\n<div class=\"brz-bg-color\"><\/div>\n<\/div>\n<div class=\"brz-container brz-css-ej5tS brz-css-drkmi\">\n<div class=\"brz-row__container brz-css-mTHVc\" data-brz-custom-id=\"kJMI8YkbjJJv\">\n<div class=\"brz-bg\"><\/div>\n<div class=\"brz-row brz-css-gubq4 brz-css-r0Twl\">\n<div class=\"brz-columns brz-css-qSio1 brz-css-ebBZR\" data-brz-custom-id=\"zBqjNZhDC23d\">\n<div class=\"brz-bg\"><\/div>\n<div class=\"brz-column__items brz-css-c7Gj2 brz-css-s3znl\">\n<div id=\"\" class=\"brz-css-ggkuP brz-css-rY8TP brz-wrapper\">\n<div class=\"brz-rich-text brz-rich-text__custom brz-css-zNJdM\" data-brz-custom-id=\"noP2U8XVGZDo\">\n<div data-brz-translate-text=\"1\">\n<h2 class=\"brz-text-lg-left brz-mb-xs-5 brz-mb-lg-10 brz-tp-lg-heading2 brz-css-znkH_\" data-uniq-id=\"f2WA8\" data-generated-css=\"brz-css-ervFW\"><span class=\"brz-cp-color2\">Las manos y la tecnolog\u00eda son nuestro c\u00f3digo gen\u00e9tico<\/span><\/h2>\n<\/div>\n<\/div>\n<\/div>\n<div id=\"\" class=\"brz-css-ggkuP brz-wrapper\">\n<div class=\"brz-rich-text brz-rich-text__custom brz-css-zNJdM\" data-brz-custom-id=\"fgjdWwkXYRXK\">\n<div data-brz-translate-text=\"1\">\n<p class=\"brz-tp-lg-paragraph brz-css-vM4rk\" data-uniq-id=\"jUf5j\" data-generated-css=\"brz-css-liKwU\"><span class=\"brz-cp-color7\">No estamos solos al contarlo, sino entre los pocos que lo hacen. Lo que hacemos es el mejortestigo: artesanos natos, nos hemos convertido en una industria y tecnolog\u00eda avanzada, preservando la predilecci\u00f3n por un trabajo bien hecho, concebido con amor y refinado con nuestras manos. Los a\u00f1os pasan pero estos principios nos duran, como el valor de nuestros muebles.<\/span><\/p>\n<\/div>\n<\/div>\n<\/div>\n<\/div>\n<\/div>\n<div class=\"brz-columns brz-css-qSio1 brz-css-uTqkm\" data-brz-custom-id=\"a6oSzVMUmfiY\">\n<div class=\"brz-bg\">\n<div class=\"brz-bg-image\"><\/div>\n<\/div>\n<div class=\"brz-column__items brz-css-c7Gj2\">\n<div id=\"\" class=\"brz-css-ggkuP brz-css-lJOfl brz-wrapper\">\n<div class=\"brz-spacer brz-css-rPvT9 brz-css-fHaub\"><\/div>\n<\/div>\n<\/div>\n<\/div>\n<\/div>\n<\/div>\n<\/div>\n<\/div>\n<\/section>\n<section id=\"_mIHWLllOqbQg\" class=\"brz-section brz-css-fijqn\">\n<div class=\"brz-section__content brz-section--boxed brz-css-ej9_z brz-css-paE9U\" data-brz-custom-id=\"sr5WcPij3ekA\">\n<div class=\"brz-bg\">\n<div class=\"brz-bg-image\"><\/div>\n<div class=\"brz-bg-color\"><\/div>\n<\/div>\n<div class=\"brz-container brz-css-ej5tS\">\n<div class=\"brz-row__container brz-css-mTHVc\" data-brz-custom-id=\"qitWT9a0RJ3w\">\n<div class=\"brz-bg\"><\/div>\n<div class=\"brz-row brz-css-gubq4 brz-css-r0Twl\">\n<div class=\"brz-columns brz-css-qSio1 brz-css-sfbX8\" data-brz-custom-id=\"yVXj6Oje5AFZ\">\n<div class=\"brz-bg\"><\/div>\n<div class=\"brz-column__items brz-css-c7Gj2\">\n<div id=\"\" class=\"brz-css-ggkuP brz-css-lJOfl brz-wrapper\">\n<div class=\"brz-spacer brz-css-rPvT9 brz-css-zcdq6\"><\/div>\n<\/div>\n<\/div>\n<\/div>\n<div class=\"brz-columns brz-css-qSio1 brz-css-pjmLw\" data-brz-custom-id=\"hNsSUt2Bmn8L\">\n<div class=\"brz-bg\"><\/div>\n<div class=\"brz-column__items brz-css-c7Gj2\">\n<div id=\"\" class=\"brz-css-ggkuP brz-wrapper\">\n<div class=\"brz-rich-text brz-rich-text__custom brz-css-zNJdM\" data-brz-custom-id=\"mkFUW1fBoiN_\">\n<div data-brz-translate-text=\"1\">\n<h2 class=\"brz-tp-lg-heading2 brz-css-uUNFB\" data-uniq-id=\"sCPe0\" data-generated-css=\"brz-css-jxa2e\"><span class=\"brz-cp-color8\">El detalle es nuestro sello<\/span><\/h2>\n<\/div>\n<\/div>\n<\/div>\n<div id=\"\" class=\"brz-css-ggkuP brz-wrapper\">\n<div class=\"brz-rich-text brz-rich-text__custom brz-css-zNJdM\" data-brz-custom-id=\"b3E_OqisrAaL\">\n<div data-brz-translate-text=\"1\">\n<p class=\"brz-tp-lg-paragraph brz-css-e0Ax2\" data-uniq-id=\"eWwh5\" data-generated-css=\"brz-css-dRihM\"><span class=\"brz-cp-color8\">Somos fabricantes italianos de sillas, mesas, taburetes, aparadores y elementos de decoraci\u00f3n para exteriores. Nos reconocemos plenamente en esta definici\u00f3n, que abarca una certeza adicional, parte de nuestro trasfondo cultural e industrial, el cuidado de los detalles. En una tierra dedicada a la elegancia, en un sector alimentado por el estilo, esto a menudo hace la gran&nbsp;diferencia.<\/span><\/p>\n<\/div>\n<\/div>\n<\/div>\n<\/div>\n<\/div>\n<\/div>\n<\/div>\n<\/div>\n<\/div>\n<\/section>\n<\/div>\n<p>    <!-- version:1732162908 --><\/p>\n","protected":false},"excerpt":{"rendered":"<p>Qui\u00e9nes somoss Innovamos por curiosidad, lo hacemos por pasi\u00f3n Apasionados de dise\u00f1o. Curioso por explorar este mundo y encontrar nuevas soluciones, rigurosas en la b\u00fasqueda de confort y funcionalidad. Expertos en la creaci\u00f3n de objetos duraderos y duraderos, son las cualidades de nuestro grupo y explican la forma en que producimos soluciones de muebles de [&hellip;]<\/p>\n","protected":false},"author":1,"featured_media":0,"parent":0,"menu_order":0,"comment_status":"closed","ping_status":"closed","template":"","meta":{"_acf_changed":false,"footnotes":""},"class_list":["post-12410","page","type-page","status-publish","hentry"],"blocksy_meta":[],"acf":[],"yoast_head":"<!-- This site is optimized with the Yoast SEO plugin v25.2 - https:\/\/yoast.com\/wordpress\/plugins\/seo\/ -->\n<title>Qui\u00e9nes somos - Imperial Line<\/title>\n<meta name=\"robots\" content=\"index, follow, max-snippet:-1, max-image-preview:large, max-video-preview:-1\" \/>\n<link rel=\"canonical\" href=\"https:\/\/imperial-line.com\/es\/quienes-somos\/\" \/>\n<meta property=\"og:locale\" content=\"es_ES\" \/>\n<meta property=\"og:type\" content=\"article\" \/>\n<meta property=\"og:title\" content=\"Qui\u00e9nes somos - Imperial Line\" \/>\n<meta property=\"og:description\" content=\"Qui\u00e9nes somoss Innovamos por curiosidad, lo hacemos por pasi\u00f3n Apasionados de dise\u00f1o. Curioso por explorar este mundo y encontrar nuevas soluciones, rigurosas en la b\u00fasqueda de confort y funcionalidad. Expertos en la creaci\u00f3n de objetos duraderos y duraderos, son las cualidades de nuestro grupo y explican la forma en que producimos soluciones de muebles de [&hellip;]\" \/>\n<meta property=\"og:url\" content=\"https:\/\/imperial-line.com\/es\/quienes-somos\/\" \/>\n<meta property=\"og:site_name\" content=\"Imperial Line\" \/>\n<meta property=\"article:modified_time\" content=\"2025-05-27T20:04:35+00:00\" \/>\n<meta name=\"twitter:card\" content=\"summary_large_image\" \/>\n<meta name=\"twitter:label1\" content=\"Tiempo de lectura\" \/>\n\t<meta name=\"twitter:data1\" content=\"3 minutos\" \/>\n<script type=\"application\/ld+json\" class=\"yoast-schema-graph\">{\"@context\":\"https:\/\/schema.org\",\"@graph\":[{\"@type\":\"WebPage\",\"@id\":\"https:\/\/imperial-line.com\/es\/quienes-somos\/\",\"url\":\"https:\/\/imperial-line.com\/es\/quienes-somos\/\",\"name\":\"Qui\u00e9nes somos - Imperial Line\",\"isPartOf\":{\"@id\":\"https:\/\/imperial-line.com\/es\/#website\"},\"datePublished\":\"2024-10-22T14:09:05+00:00\",\"dateModified\":\"2025-05-27T20:04:35+00:00\",\"breadcrumb\":{\"@id\":\"https:\/\/imperial-line.com\/es\/quienes-somos\/#breadcrumb\"},\"inLanguage\":\"es\",\"potentialAction\":[{\"@type\":\"ReadAction\",\"target\":[\"https:\/\/imperial-line.com\/es\/quienes-somos\/\"]}]},{\"@type\":\"BreadcrumbList\",\"@id\":\"https:\/\/imperial-line.com\/es\/quienes-somos\/#breadcrumb\",\"itemListElement\":[{\"@type\":\"ListItem\",\"position\":1,\"name\":\"Home\",\"item\":\"https:\/\/imperial-line.com\/es\/\"},{\"@type\":\"ListItem\",\"position\":2,\"name\":\"Qui\u00e9nes somos\"}]},{\"@type\":\"WebSite\",\"@id\":\"https:\/\/imperial-line.com\/es\/#website\",\"url\":\"https:\/\/imperial-line.com\/es\/\",\"name\":\"Imperial Line\",\"description\":\"\",\"publisher\":{\"@id\":\"https:\/\/imperial-line.com\/es\/#organization\"},\"potentialAction\":[{\"@type\":\"SearchAction\",\"target\":{\"@type\":\"EntryPoint\",\"urlTemplate\":\"https:\/\/imperial-line.com\/es\/?s={search_term_string}\"},\"query-input\":{\"@type\":\"PropertyValueSpecification\",\"valueRequired\":true,\"valueName\":\"search_term_string\"}}],\"inLanguage\":\"es\"},{\"@type\":\"Organization\",\"@id\":\"https:\/\/imperial-line.com\/es\/#organization\",\"name\":\"Imperial Line\",\"url\":\"https:\/\/imperial-line.com\/es\/\",\"logo\":{\"@type\":\"ImageObject\",\"inLanguage\":\"es\",\"@id\":\"https:\/\/imperial-line.com\/es\/#\/schema\/logo\/image\/\",\"url\":\"https:\/\/imperial-line.com\/wp-content\/uploads\/2024\/05\/logo-black.png\",\"contentUrl\":\"https:\/\/imperial-line.com\/wp-content\/uploads\/2024\/05\/logo-black.png\",\"width\":2000,\"height\":160,\"caption\":\"Imperial Line\"},\"image\":{\"@id\":\"https:\/\/imperial-line.com\/es\/#\/schema\/logo\/image\/\"}}]}<\/script>\n<!-- \/ Yoast SEO plugin. -->","yoast_head_json":{"title":"Qui\u00e9nes somos - Imperial Line","robots":{"index":"index","follow":"follow","max-snippet":"max-snippet:-1","max-image-preview":"max-image-preview:large","max-video-preview":"max-video-preview:-1"},"canonical":"https:\/\/imperial-line.com\/es\/quienes-somos\/","og_locale":"es_ES","og_type":"article","og_title":"Qui\u00e9nes somos - Imperial Line","og_description":"Qui\u00e9nes somoss Innovamos por curiosidad, lo hacemos por pasi\u00f3n Apasionados de dise\u00f1o. Curioso por explorar este mundo y encontrar nuevas soluciones, rigurosas en la b\u00fasqueda de confort y funcionalidad. Expertos en la creaci\u00f3n de objetos duraderos y duraderos, son las cualidades de nuestro grupo y explican la forma en que producimos soluciones de muebles de [&hellip;]","og_url":"https:\/\/imperial-line.com\/es\/quienes-somos\/","og_site_name":"Imperial Line","article_modified_time":"2025-05-27T20:04:35+00:00","twitter_card":"summary_large_image","twitter_misc":{"Tiempo de lectura":"3 minutos"},"schema":{"@context":"https:\/\/schema.org","@graph":[{"@type":"WebPage","@id":"https:\/\/imperial-line.com\/es\/quienes-somos\/","url":"https:\/\/imperial-line.com\/es\/quienes-somos\/","name":"Qui\u00e9nes somos - Imperial Line","isPartOf":{"@id":"https:\/\/imperial-line.com\/es\/#website"},"datePublished":"2024-10-22T14:09:05+00:00","dateModified":"2025-05-27T20:04:35+00:00","breadcrumb":{"@id":"https:\/\/imperial-line.com\/es\/quienes-somos\/#breadcrumb"},"inLanguage":"es","potentialAction":[{"@type":"ReadAction","target":["https:\/\/imperial-line.com\/es\/quienes-somos\/"]}]},{"@type":"BreadcrumbList","@id":"https:\/\/imperial-line.com\/es\/quienes-somos\/#breadcrumb","itemListElement":[{"@type":"ListItem","position":1,"name":"Home","item":"https:\/\/imperial-line.com\/es\/"},{"@type":"ListItem","position":2,"name":"Qui\u00e9nes somos"}]},{"@type":"WebSite","@id":"https:\/\/imperial-line.com\/es\/#website","url":"https:\/\/imperial-line.com\/es\/","name":"Imperial Line","description":"","publisher":{"@id":"https:\/\/imperial-line.com\/es\/#organization"},"potentialAction":[{"@type":"SearchAction","target":{"@type":"EntryPoint","urlTemplate":"https:\/\/imperial-line.com\/es\/?s={search_term_string}"},"query-input":{"@type":"PropertyValueSpecification","valueRequired":true,"valueName":"search_term_string"}}],"inLanguage":"es"},{"@type":"Organization","@id":"https:\/\/imperial-line.com\/es\/#organization","name":"Imperial Line","url":"https:\/\/imperial-line.com\/es\/","logo":{"@type":"ImageObject","inLanguage":"es","@id":"https:\/\/imperial-line.com\/es\/#\/schema\/logo\/image\/","url":"https:\/\/imperial-line.com\/wp-content\/uploads\/2024\/05\/logo-black.png","contentUrl":"https:\/\/imperial-line.com\/wp-content\/uploads\/2024\/05\/logo-black.png","width":2000,"height":160,"caption":"Imperial Line"},"image":{"@id":"https:\/\/imperial-line.com\/es\/#\/schema\/logo\/image\/"}}]}},"_links":{"self":[{"href":"https:\/\/imperial-line.com\/es\/wp-json\/wp\/v2\/pages\/12410","targetHints":{"allow":["GET"]}}],"collection":[{"href":"https:\/\/imperial-line.com\/es\/wp-json\/wp\/v2\/pages"}],"about":[{"href":"https:\/\/imperial-line.com\/es\/wp-json\/wp\/v2\/types\/page"}],"author":[{"embeddable":true,"href":"https:\/\/imperial-line.com\/es\/wp-json\/wp\/v2\/users\/1"}],"replies":[{"embeddable":true,"href":"https:\/\/imperial-line.com\/es\/wp-json\/wp\/v2\/comments?post=12410"}],"version-history":[{"count":5,"href":"https:\/\/imperial-line.com\/es\/wp-json\/wp\/v2\/pages\/12410\/revisions"}],"predecessor-version":[{"id":12416,"href":"https:\/\/imperial-line.com\/es\/wp-json\/wp\/v2\/pages\/12410\/revisions\/12416"}],"wp:attachment":[{"href":"https:\/\/imperial-line.com\/es\/wp-json\/wp\/v2\/media?parent=12410"}],"curies":[{"name":"wp","href":"https:\/\/api.w.org\/{rel}","templated":true}]}}