{"id":12405,"date":"2024-10-22T14:15:05","date_gmt":"2024-10-22T14:15:05","guid":{"rendered":"https:\/\/imperial-line.alfa.it\/news\/"},"modified":"2025-05-27T15:57:28","modified_gmt":"2025-05-27T15:57:28","slug":"noticias","status":"publish","type":"page","link":"https:\/\/imperial-line.com\/es\/noticias\/","title":{"rendered":"Noticias"},"content":{"rendered":"<div class=\"brz-root__container brz-reset-all brz\">\n<section id=\"_sQAgYecEvKiL\" class=\"brz-section brz-css-d07wx brz-css-oCZiX\">\n<div class=\"brz-section__content brz-section--fullWidth brz-css-uVk7m brz-css-fOJfj\" data-brz-custom-id=\"xDQbEC2c7G8H\">\n<div class=\"brz-bg\">\n<div class=\"brz-bg-image\"><\/div>\n<div class=\"brz-bg-color\"><\/div>\n<\/div>\n<div class=\"brz-container brz-css-zpOOk brz-css-zWadd\">\n<div class=\"brz-row__container brz-css-rw2LI\" data-brz-custom-id=\"lyV1fRUuGJBY\">\n<div class=\"brz-bg\"><\/div>\n<div class=\"brz-row brz-css-kRXbJ brz-css-yVKpc\">\n<div class=\"brz-columns brz-css-eIuyz brz-css-im1Ic\" data-brz-custom-id=\"zmGbITbaXwdw\">\n<div class=\"brz-bg\">\n<div class=\"brz-bg-color\"><\/div>\n<\/div>\n<div class=\"brz-column__items brz-css-qMBem brz-css-pQwuK\">\n<div id=\"\" class=\"brz-css-fO4ch brz-css-wF9WK brz-wrapper\">\n<div class=\"brz-rich-text brz-rich-text__custom brz-css-yC9mb\" data-brz-custom-id=\"jf4cAGJUTtn8\">\n<div data-brz-translate-text=\"1\">\n<h2 class=\"brz-tp-lg-heading2 brz-text-lg-right brz-css-rQuaS\" data-uniq-id=\"iVJ5F\" data-generated-css=\"brz-css-oe_K2\"><span class=\"brz-cp-color8\">Noticias<\/span><\/h2>\n<\/div>\n<\/div>\n<\/div>\n<\/div>\n<\/div>\n<\/div>\n<\/div>\n<\/div>\n<\/div>\n<\/section>\n<section id=\"_qixDyfhhPepo\" class=\"brz-section brz-css-d07wx\">\n<div class=\"brz-section__content brz-section--boxed brz-css-uVk7m brz-css-rQpq4\" data-brz-custom-id=\"s2cODaEHgsCv\">\n<div class=\"brz-bg\">\n<div class=\"brz-bg-color\"><\/div>\n<\/div>\n<div class=\"brz-container brz-css-zpOOk\">\n<div class=\"brz-row__container brz-css-rw2LI\" data-brz-custom-id=\"g7Tkww1aF0iV\">\n<div class=\"brz-bg\"><\/div>\n<div class=\"brz-row brz-css-kRXbJ brz-css-yVKpc\">\n<div class=\"brz-columns brz-css-eIuyz brz-css-wGSF_\" data-brz-custom-id=\"vTGdfHdLwQJE\">\n<div class=\"brz-bg\"><\/div>\n<div class=\"brz-column__items brz-css-qMBem brz-css-w7pXX\">\n<div id=\"\" class=\"brz-css-fO4ch brz-css-hi0G9 brz-wrapper\">\n<div class=\"brz-spacer brz-css-bKebI brz-css-vrWSi\"><\/div>\n<\/div>\n<div id=\"\" class=\"brz-css-fO4ch brz-css-cVLqF brz-wrapper\">\n<div class=\"brz-rich-text brz-rich-text__custom brz-css-yC9mb\" data-brz-custom-id=\"c1FDbJLlkVeg\">\n<div data-brz-translate-text=\"1\">\n<h2 class=\"brz-tp-lg-heading2 brz-mb-lg-10 brz-mb-xs-5 brz-text-lg-left brz-css-sVlZC\" data-generated-css=\"brz-css-fyEtL\" data-uniq-id=\"hlmAH\"><span class=\"brz-cp-color2\">Visualiza la ultima novedad de Imperial Line<\/span><\/h2>\n<\/div>\n<\/div>\n<\/div>\n<div id=\"\" class=\"brz-css-fO4ch brz-css-hi0G9 brz-wrapper\">\n<div class=\"brz-spacer brz-css-bKebI brz-css-z8laf\"><\/div>\n<\/div>\n<div id=\"\" class=\"brz-css-fO4ch brz-css-lGGku brz-wrapper\">\n<div class=\"brz-rich-text brz-rich-text__custom brz-css-yC9mb\" data-brz-custom-id=\"hNazXdzK_OI2\">\n<div data-brz-translate-text=\"1\">\n<h1 class=\"brz-mb-lg-10 brz-mb-xs-5 brz-tp-lg-paragraph brz-text-lg-left brz-css-leyMJ\" data-generated-css=\"brz-css-iJ1pM\" data-uniq-id=\"hjxeI\"><span class=\"brz-cp-color7\">Apasionados de dise\u00f1o. Curioso por explorar este mundo y encontrar nuevas soluciones, rigurosas en la b\u00fasqueda de confort y funcionalidad. Expertos en la creaci\u00f3n de objetos duraderos y duraderos, son las cualidades de nuestro grupo y explican la forma en que producimos soluciones de muebles de madera para entornos dom\u00e9sticos, laborales y de entretenimiento, para proyectos de hospitalidad y contract.<\/span><\/h1>\n<\/div>\n<\/div>\n<\/div>\n<\/div>\n<\/div>\n<div class=\"brz-columns brz-css-eIuyz brz-css-o020X\" data-brz-custom-id=\"tN72fO9LWhgs\">\n<div class=\"brz-bg\">\n<div class=\"brz-bg-image\"><\/div>\n<\/div>\n<div class=\"brz-column__items brz-css-qMBem brz-css-ghTdV\">\n<div id=\"\" class=\"brz-css-fO4ch brz-css-hi0G9 brz-wrapper\">\n<div class=\"brz-spacer brz-css-bKebI brz-css-xbWwB\"><\/div>\n<\/div>\n<\/div>\n<\/div>\n<\/div>\n<\/div>\n<\/div>\n<\/div>\n<\/section>\n<section id=\"_vneHT00h618m\" class=\"brz-section brz-css-d07wx\">\n<div class=\"brz-section__content brz-section--boxed brz-css-uVk7m brz-css-k_cg6\" data-brz-custom-id=\"erY2s1McGnMK\">\n<div class=\"brz-bg\">\n<div class=\"brz-bg-color\"><\/div>\n<\/div>\n<div class=\"brz-container brz-css-zpOOk brz-css-oZJax\">\n<div class=\"brz-row__container brz-css-rw2LI\" data-brz-custom-id=\"zPKOYjxQixVG\">\n<div class=\"brz-bg\"><\/div>\n<div class=\"brz-row brz-css-kRXbJ brz-css-yVKpc\">\n<div class=\"brz-columns brz-css-eIuyz brz-css-dkc0C\" data-brz-custom-id=\"apWuUZT8iqSE\">\n<div class=\"brz-bg\"><\/div>\n<div class=\"brz-column__items brz-css-qMBem brz-css-zh94Y\">\n<div id=\"\" class=\"brz-css-fO4ch brz-css-dn46Q brz-css-tveLd brz-wrapper\">\n<div class=\"brz-posts brz-css-uXdZo brz-css-vKZwY\" data-brz-custom-id=\"kmnGRb9EMQ_2\">\n<div class=\"brz-posts__wrapper\">\n<div class=\"brz-posts__item\">\n<div class=\"brz-columns brz-css-eIuyz brz-css-crhjA brz-css-m01iD\" data-brz-custom-id=\"tCrJQc_ESa4Z\">\n<div class=\"brz-bg\"><\/div>\n<div class=\"brz-column__items brz-css-qMBem brz-css-q1ymB\">\n<div class=\"brz-row__container brz-css-rw2LI\" data-brz-custom-id=\"s_Imok0X6000\">\n<div class=\"brz-bg\"><\/div>\n<div class=\"brz-row brz-row--inner brz-css-kRXbJ\">\n<div class=\"brz-columns brz-css-eIuyz brz-css-bP6RQ\" data-brz-custom-id=\"oGSqUytWLTzA\">\n<div class=\"brz-bg\"><\/div>\n<div class=\"brz-column__items brz-css-qMBem\">\n<div id=\"\" class=\"brz-css-fO4ch brz-css-wwCi0 brz-wrapper\">\n<div class=\"brz-image brz-css-qff8Q\" data-brz-custom-id=\"z7JBu3YsOhVv\"><a class=\"brz-a\" href=\"\" target=\"_blank\" rel=\"noopener nofollow\" data-brz-link-type=\"external\"><img decoding=\"async\" class=\"brz-img\" src=\"\" alt=\"'}}\" loading=\"lazy\"><\/a><\/div>\n<\/div>\n<\/div>\n<\/div>\n<div class=\"brz-columns brz-css-eIuyz\" data-brz-custom-id=\"yook4A1xAzqm\">\n<div class=\"brz-bg\"><\/div>\n<div class=\"brz-column__items brz-css-qMBem\">\n<div id=\"\" class=\"brz-css-fO4ch brz-wrapper\">\n<div class=\"brz-wp-title brz-css-iyRNP brz-css-bUaaw brz-css-fEXms\" data-brz-custom-id=\"gq_xatbdgLzX\">\n<h3 class=\"brz-wp-title-content\" style=\"min-height:20px\"><\/h3>\n<\/div>\n<\/div>\n<div id=\"\" class=\"brz-css-fO4ch brz-css-zp8Iv brz-wrapper\">\n<div class=\"brz-rich-text brz-rich-text__population brz-css-yC9mb brz-css-dwSPT brz-css-cH9ew\" data-brz-custom-id=\"bHG6IkH4CII2\"><span><\/span><\/div>\n<\/div>\n<\/div>\n<\/div>\n<\/div>\n<\/div>\n<\/div>\n<\/div>\n<\/div>\n<\/div>\n<\/div>\n<\/div>\n<\/div>\n<\/div>\n<\/div>\n<\/div>\n<\/div>\n<\/div>\n<\/section>\n<\/div>\n<p>    <!-- version:1732064623 --><\/p>\n","protected":false},"excerpt":{"rendered":"<p>Noticias Visualiza la ultima novedad de Imperial Line Apasionados de dise\u00f1o. Curioso por explorar este mundo y encontrar nuevas soluciones, rigurosas en la b\u00fasqueda de confort y funcionalidad. Expertos en la creaci\u00f3n de objetos duraderos y duraderos, son las cualidades de nuestro grupo y explican la forma en que producimos soluciones de muebles de madera [&hellip;]<\/p>\n","protected":false},"author":1,"featured_media":0,"parent":0,"menu_order":0,"comment_status":"closed","ping_status":"closed","template":"","meta":{"_acf_changed":false,"footnotes":""},"class_list":["post-12405","page","type-page","status-publish","hentry"],"blocksy_meta":[],"acf":[],"yoast_head":"<!-- This site is optimized with the Yoast SEO plugin v25.2 - https:\/\/yoast.com\/wordpress\/plugins\/seo\/ -->\n<title>Noticias - Imperial Line<\/title>\n<meta name=\"robots\" content=\"index, follow, max-snippet:-1, max-image-preview:large, max-video-preview:-1\" \/>\n<link rel=\"canonical\" href=\"https:\/\/imperial-line.com\/es\/noticias\/\" \/>\n<meta property=\"og:locale\" content=\"es_ES\" \/>\n<meta property=\"og:type\" content=\"article\" \/>\n<meta property=\"og:title\" content=\"Noticias - Imperial Line\" \/>\n<meta property=\"og:description\" content=\"Noticias Visualiza la ultima novedad de Imperial Line Apasionados de dise\u00f1o. Curioso por explorar este mundo y encontrar nuevas soluciones, rigurosas en la b\u00fasqueda de confort y funcionalidad. Expertos en la creaci\u00f3n de objetos duraderos y duraderos, son las cualidades de nuestro grupo y explican la forma en que producimos soluciones de muebles de madera [&hellip;]\" \/>\n<meta property=\"og:url\" content=\"https:\/\/imperial-line.com\/es\/noticias\/\" \/>\n<meta property=\"og:site_name\" content=\"Imperial Line\" \/>\n<meta property=\"article:modified_time\" content=\"2025-05-27T15:57:28+00:00\" \/>\n<meta name=\"twitter:card\" content=\"summary_large_image\" \/>\n<meta name=\"twitter:label1\" content=\"Tiempo de lectura\" \/>\n\t<meta name=\"twitter:data1\" content=\"1 minuto\" \/>\n<script type=\"application\/ld+json\" class=\"yoast-schema-graph\">{\"@context\":\"https:\/\/schema.org\",\"@graph\":[{\"@type\":\"WebPage\",\"@id\":\"https:\/\/imperial-line.com\/es\/noticias\/\",\"url\":\"https:\/\/imperial-line.com\/es\/noticias\/\",\"name\":\"Noticias - Imperial Line\",\"isPartOf\":{\"@id\":\"https:\/\/imperial-line.com\/es\/#website\"},\"datePublished\":\"2024-10-22T14:15:05+00:00\",\"dateModified\":\"2025-05-27T15:57:28+00:00\",\"breadcrumb\":{\"@id\":\"https:\/\/imperial-line.com\/es\/noticias\/#breadcrumb\"},\"inLanguage\":\"es\",\"potentialAction\":[{\"@type\":\"ReadAction\",\"target\":[\"https:\/\/imperial-line.com\/es\/noticias\/\"]}]},{\"@type\":\"BreadcrumbList\",\"@id\":\"https:\/\/imperial-line.com\/es\/noticias\/#breadcrumb\",\"itemListElement\":[{\"@type\":\"ListItem\",\"position\":1,\"name\":\"Home\",\"item\":\"https:\/\/imperial-line.com\/es\/\"},{\"@type\":\"ListItem\",\"position\":2,\"name\":\"Noticias\"}]},{\"@type\":\"WebSite\",\"@id\":\"https:\/\/imperial-line.com\/es\/#website\",\"url\":\"https:\/\/imperial-line.com\/es\/\",\"name\":\"Imperial Line\",\"description\":\"\",\"publisher\":{\"@id\":\"https:\/\/imperial-line.com\/es\/#organization\"},\"potentialAction\":[{\"@type\":\"SearchAction\",\"target\":{\"@type\":\"EntryPoint\",\"urlTemplate\":\"https:\/\/imperial-line.com\/es\/?s={search_term_string}\"},\"query-input\":{\"@type\":\"PropertyValueSpecification\",\"valueRequired\":true,\"valueName\":\"search_term_string\"}}],\"inLanguage\":\"es\"},{\"@type\":\"Organization\",\"@id\":\"https:\/\/imperial-line.com\/es\/#organization\",\"name\":\"Imperial Line\",\"url\":\"https:\/\/imperial-line.com\/es\/\",\"logo\":{\"@type\":\"ImageObject\",\"inLanguage\":\"es\",\"@id\":\"https:\/\/imperial-line.com\/es\/#\/schema\/logo\/image\/\",\"url\":\"https:\/\/imperial-line.com\/wp-content\/uploads\/2024\/05\/logo-black.png\",\"contentUrl\":\"https:\/\/imperial-line.com\/wp-content\/uploads\/2024\/05\/logo-black.png\",\"width\":2000,\"height\":160,\"caption\":\"Imperial Line\"},\"image\":{\"@id\":\"https:\/\/imperial-line.com\/es\/#\/schema\/logo\/image\/\"}}]}<\/script>\n<!-- \/ Yoast SEO plugin. -->","yoast_head_json":{"title":"Noticias - Imperial Line","robots":{"index":"index","follow":"follow","max-snippet":"max-snippet:-1","max-image-preview":"max-image-preview:large","max-video-preview":"max-video-preview:-1"},"canonical":"https:\/\/imperial-line.com\/es\/noticias\/","og_locale":"es_ES","og_type":"article","og_title":"Noticias - Imperial Line","og_description":"Noticias Visualiza la ultima novedad de Imperial Line Apasionados de dise\u00f1o. Curioso por explorar este mundo y encontrar nuevas soluciones, rigurosas en la b\u00fasqueda de confort y funcionalidad. Expertos en la creaci\u00f3n de objetos duraderos y duraderos, son las cualidades de nuestro grupo y explican la forma en que producimos soluciones de muebles de madera [&hellip;]","og_url":"https:\/\/imperial-line.com\/es\/noticias\/","og_site_name":"Imperial Line","article_modified_time":"2025-05-27T15:57:28+00:00","twitter_card":"summary_large_image","twitter_misc":{"Tiempo de lectura":"1 minuto"},"schema":{"@context":"https:\/\/schema.org","@graph":[{"@type":"WebPage","@id":"https:\/\/imperial-line.com\/es\/noticias\/","url":"https:\/\/imperial-line.com\/es\/noticias\/","name":"Noticias - Imperial Line","isPartOf":{"@id":"https:\/\/imperial-line.com\/es\/#website"},"datePublished":"2024-10-22T14:15:05+00:00","dateModified":"2025-05-27T15:57:28+00:00","breadcrumb":{"@id":"https:\/\/imperial-line.com\/es\/noticias\/#breadcrumb"},"inLanguage":"es","potentialAction":[{"@type":"ReadAction","target":["https:\/\/imperial-line.com\/es\/noticias\/"]}]},{"@type":"BreadcrumbList","@id":"https:\/\/imperial-line.com\/es\/noticias\/#breadcrumb","itemListElement":[{"@type":"ListItem","position":1,"name":"Home","item":"https:\/\/imperial-line.com\/es\/"},{"@type":"ListItem","position":2,"name":"Noticias"}]},{"@type":"WebSite","@id":"https:\/\/imperial-line.com\/es\/#website","url":"https:\/\/imperial-line.com\/es\/","name":"Imperial Line","description":"","publisher":{"@id":"https:\/\/imperial-line.com\/es\/#organization"},"potentialAction":[{"@type":"SearchAction","target":{"@type":"EntryPoint","urlTemplate":"https:\/\/imperial-line.com\/es\/?s={search_term_string}"},"query-input":{"@type":"PropertyValueSpecification","valueRequired":true,"valueName":"search_term_string"}}],"inLanguage":"es"},{"@type":"Organization","@id":"https:\/\/imperial-line.com\/es\/#organization","name":"Imperial Line","url":"https:\/\/imperial-line.com\/es\/","logo":{"@type":"ImageObject","inLanguage":"es","@id":"https:\/\/imperial-line.com\/es\/#\/schema\/logo\/image\/","url":"https:\/\/imperial-line.com\/wp-content\/uploads\/2024\/05\/logo-black.png","contentUrl":"https:\/\/imperial-line.com\/wp-content\/uploads\/2024\/05\/logo-black.png","width":2000,"height":160,"caption":"Imperial Line"},"image":{"@id":"https:\/\/imperial-line.com\/es\/#\/schema\/logo\/image\/"}}]}},"_links":{"self":[{"href":"https:\/\/imperial-line.com\/es\/wp-json\/wp\/v2\/pages\/12405","targetHints":{"allow":["GET"]}}],"collection":[{"href":"https:\/\/imperial-line.com\/es\/wp-json\/wp\/v2\/pages"}],"about":[{"href":"https:\/\/imperial-line.com\/es\/wp-json\/wp\/v2\/types\/page"}],"author":[{"embeddable":true,"href":"https:\/\/imperial-line.com\/es\/wp-json\/wp\/v2\/users\/1"}],"replies":[{"embeddable":true,"href":"https:\/\/imperial-line.com\/es\/wp-json\/wp\/v2\/comments?post=12405"}],"version-history":[{"count":3,"href":"https:\/\/imperial-line.com\/es\/wp-json\/wp\/v2\/pages\/12405\/revisions"}],"predecessor-version":[{"id":12409,"href":"https:\/\/imperial-line.com\/es\/wp-json\/wp\/v2\/pages\/12405\/revisions\/12409"}],"wp:attachment":[{"href":"https:\/\/imperial-line.com\/es\/wp-json\/wp\/v2\/media?parent=12405"}],"curies":[{"name":"wp","href":"https:\/\/api.w.org\/{rel}","templated":true}]}}